{"id":7685,"date":"2021-04-25T16:43:33","date_gmt":"2021-04-25T16:43:33","guid":{"rendered":"http:\/\/esmualtea.com\/verano\/"},"modified":"2026-04-18T17:58:44","modified_gmt":"2026-04-18T17:58:44","slug":"verano","status":"publish","type":"page","link":"https:\/\/www.esmualtea.com\/va\/verano\/","title":{"rendered":"Cursos d&#8217;estiu"},"content":{"rendered":"\t\t<div data-elementor-type=\"wp-page\" data-elementor-id=\"7685\" class=\"elementor elementor-7685\">\n\t\t\t\t\t\t<section class=\"elementor-section elementor-top-section elementor-element elementor-element-788d542 elementor-section-boxed elementor-section-height-default elementor-section-height-default\" data-id=\"788d542\" data-element_type=\"section\">\n\t\t\t\t\t\t<div class=\"elementor-container elementor-column-gap-default\">\n\t\t\t\t\t<div class=\"elementor-column elementor-col-50 elementor-top-column elementor-element elementor-element-a208fa0\" data-id=\"a208fa0\" data-element_type=\"column\">\n\t\t\t<div class=\"elementor-widget-wrap elementor-element-populated\">\n\t\t\t\t\t\t<div class=\"elementor-element elementor-element-51d4cc6 elementor-widget elementor-widget-heading\" data-id=\"51d4cc6\" data-element_type=\"widget\" data-widget_type=\"heading.default\">\n\t\t\t\t<div class=\"elementor-widget-container\">\n\t\t\t\t\t<h2 class=\"elementor-heading-title elementor-size-default\">2-8 anys<\/h2>\t\t\t\t<\/div>\n\t\t\t\t<\/div>\n\t\t\t\t<div class=\"elementor-element elementor-element-0cf13b3 elementor-widget elementor-widget-image\" data-id=\"0cf13b3\" data-element_type=\"widget\" data-widget_type=\"image.default\">\n\t\t\t\t<div class=\"elementor-widget-container\">\n\t\t\t\t\t\t\t\t\t\t\t\t\t\t\t<img fetchpriority=\"high\" decoding=\"async\" width=\"1024\" height=\"442\" src=\"https:\/\/www.esmualtea.com\/wp-content\/uploads\/2026\/04\/EscolaEstiuEsMuAltea2026_bannerAllargat-1024x442.jpg\" class=\"attachment-large size-large wp-image-10265\" alt=\"\" srcset=\"https:\/\/www.esmualtea.com\/wp-content\/uploads\/2026\/04\/EscolaEstiuEsMuAltea2026_bannerAllargat-1024x442.jpg 1024w, https:\/\/www.esmualtea.com\/wp-content\/uploads\/2026\/04\/EscolaEstiuEsMuAltea2026_bannerAllargat-300x130.jpg 300w, https:\/\/www.esmualtea.com\/wp-content\/uploads\/2026\/04\/EscolaEstiuEsMuAltea2026_bannerAllargat-768x332.jpg 768w, https:\/\/www.esmualtea.com\/wp-content\/uploads\/2026\/04\/EscolaEstiuEsMuAltea2026_bannerAllargat-1536x663.jpg 1536w, https:\/\/www.esmualtea.com\/wp-content\/uploads\/2026\/04\/EscolaEstiuEsMuAltea2026_bannerAllargat.jpg 1746w\" sizes=\"(max-width: 1024px) 100vw, 1024px\" \/>\t\t\t\t\t\t\t\t\t\t\t\t\t\t\t<\/div>\n\t\t\t\t<\/div>\n\t\t\t\t<section class=\"elementor-section elementor-inner-section elementor-element elementor-element-f0eab55 elementor-section-boxed elementor-section-height-default elementor-section-height-default\" data-id=\"f0eab55\" data-element_type=\"section\">\n\t\t\t\t\t\t<div class=\"elementor-container elementor-column-gap-default\">\n\t\t\t\t\t<div class=\"elementor-column elementor-col-33 elementor-inner-column elementor-element elementor-element-221407b\" data-id=\"221407b\" data-element_type=\"column\">\n\t\t\t<div class=\"elementor-widget-wrap elementor-element-populated\">\n\t\t\t\t\t\t<div class=\"elementor-element elementor-element-59e1999 elementor-align-center elementor-widget elementor-widget-button\" data-id=\"59e1999\" data-element_type=\"widget\" data-widget_type=\"button.default\">\n\t\t\t\t<div class=\"elementor-widget-container\">\n\t\t\t\t\t\t\t\t\t<div class=\"elementor-button-wrapper\">\n\t\t\t\t\t<a class=\"elementor-button elementor-button-link elementor-size-sm\" href=\"https:\/\/www.esmualtea.com\/wp-content\/uploads\/2026\/04\/EscolaEstiuEsMuAltea2026_TripticWeb-val-red.pdf\" target=\"_blank\">\n\t\t\t\t\t\t<span class=\"elementor-button-content-wrapper\">\n\t\t\t\t\t\t\t\t\t<span class=\"elementor-button-text\">Tr\u00edptic\/+info<\/span>\n\t\t\t\t\t<\/span>\n\t\t\t\t\t<\/a>\n\t\t\t\t<\/div>\n\t\t\t\t\t\t\t\t<\/div>\n\t\t\t\t<\/div>\n\t\t\t\t\t<\/div>\n\t\t<\/div>\n\t\t\t\t<div class=\"elementor-column elementor-col-33 elementor-inner-column elementor-element elementor-element-d5d0a40\" data-id=\"d5d0a40\" data-element_type=\"column\">\n\t\t\t<div class=\"elementor-widget-wrap elementor-element-populated\">\n\t\t\t\t\t\t<div class=\"elementor-element elementor-element-d3ef2e8 elementor-align-center elementor-widget elementor-widget-button\" data-id=\"d3ef2e8\" data-element_type=\"widget\" data-widget_type=\"button.default\">\n\t\t\t\t<div class=\"elementor-widget-container\">\n\t\t\t\t\t\t\t\t\t<div class=\"elementor-button-wrapper\">\n\t\t\t\t\t<a class=\"elementor-button elementor-button-link elementor-size-sm\" href=\"https:\/\/form.jotform.com\/261054808503352\" target=\"_blank\">\n\t\t\t\t\t\t<span class=\"elementor-button-content-wrapper\">\n\t\t\t\t\t\t\t\t\t<span class=\"elementor-button-text\">Inscripci\u00f3<\/span>\n\t\t\t\t\t<\/span>\n\t\t\t\t\t<\/a>\n\t\t\t\t<\/div>\n\t\t\t\t\t\t\t\t<\/div>\n\t\t\t\t<\/div>\n\t\t\t\t<div class=\"elementor-element elementor-element-b98f683 elementor-widget elementor-widget-text-editor\" data-id=\"b98f683\" data-element_type=\"widget\" data-widget_type=\"text-editor.default\">\n\t\t\t\t<div class=\"elementor-widget-container\">\n\t\t\t\t\t\t\t\t\t<p style=\"text-align: center;\">(Inscripci\u00f3 oberta tot l&#8217;estiu subjecte a disponibilitat)<\/p>\t\t\t\t\t\t\t\t<\/div>\n\t\t\t\t<\/div>\n\t\t\t\t\t<\/div>\n\t\t<\/div>\n\t\t\t\t<div class=\"elementor-column elementor-col-33 elementor-inner-column elementor-element elementor-element-d443dd9\" data-id=\"d443dd9\" data-element_type=\"column\">\n\t\t\t<div class=\"elementor-widget-wrap elementor-element-populated\">\n\t\t\t\t\t\t<div class=\"elementor-element elementor-element-0fae985 elementor-align-center elementor-widget elementor-widget-button\" data-id=\"0fae985\" data-element_type=\"widget\" data-widget_type=\"button.default\">\n\t\t\t\t<div class=\"elementor-widget-container\">\n\t\t\t\t\t\t\t\t\t<div class=\"elementor-button-wrapper\">\n\t\t\t\t\t<a class=\"elementor-button elementor-size-sm\" role=\"button\">\n\t\t\t\t\t\t<span class=\"elementor-button-content-wrapper\">\n\t\t\t\t\t\t\t\t\t<span class=\"elementor-button-text\">Admesos<\/span>\n\t\t\t\t\t<\/span>\n\t\t\t\t\t<\/a>\n\t\t\t\t<\/div>\n\t\t\t\t\t\t\t\t<\/div>\n\t\t\t\t<\/div>\n\t\t\t\t<div class=\"elementor-element elementor-element-3ec9958 elementor-widget elementor-widget-text-editor\" data-id=\"3ec9958\" data-element_type=\"widget\" data-widget_type=\"text-editor.default\">\n\t\t\t\t<div class=\"elementor-widget-container\">\n\t\t\t\t\t\t\t\t\t<p style=\"text-align: center;\">(Public.: <b>entre 1-6 juny<\/b>\u00a0per a inscrits abans del 1\/jun, per a inscrits posteriorment s&#8217;informar\u00e0 per e-mail)<\/p><p style=\"text-align: center;\"><span style=\"color: #ffffff;\">(Matriculats a 31-05-23, <strong>matr\u00edcules posteriors s&#8217;informar\u00e0 per e-mail<\/strong>)<\/span><\/p>\t\t\t\t\t\t\t\t<\/div>\n\t\t\t\t<\/div>\n\t\t\t\t\t<\/div>\n\t\t<\/div>\n\t\t\t\t\t<\/div>\n\t\t<\/section>\n\t\t\t\t<section class=\"elementor-section elementor-inner-section elementor-element elementor-element-e247fb6 elementor-section-boxed elementor-section-height-default elementor-section-height-default\" data-id=\"e247fb6\" data-element_type=\"section\">\n\t\t\t\t\t\t<div class=\"elementor-container elementor-column-gap-default\">\n\t\t\t\t\t<div class=\"elementor-column elementor-col-50 elementor-inner-column elementor-element elementor-element-c34a8d6\" data-id=\"c34a8d6\" data-element_type=\"column\">\n\t\t\t<div class=\"elementor-widget-wrap elementor-element-populated\">\n\t\t\t\t\t\t<div class=\"elementor-element elementor-element-2ebdb2b elementor-widget elementor-widget-image\" data-id=\"2ebdb2b\" data-element_type=\"widget\" data-widget_type=\"image.default\">\n\t\t\t\t<div class=\"elementor-widget-container\">\n\t\t\t\t\t\t\t\t\t\t\t\t\t\t\t\t<a href=\"https:\/\/www.esmualtea.com\/wp-content\/uploads\/2026\/04\/EscolaEstiuEsMuAltea2026_Cartell-01.jpg\" data-elementor-open-lightbox=\"yes\" data-elementor-lightbox-title=\"EscolaEstiuEsMuAltea2026_Cartell-01\" data-e-action-hash=\"#elementor-action%3Aaction%3Dlightbox%26settings%3DeyJpZCI6MTAyNjksInVybCI6Imh0dHBzOlwvXC93d3cuZXNtdWFsdGVhLmNvbVwvd3AtY29udGVudFwvdXBsb2Fkc1wvMjAyNlwvMDRcL0VzY29sYUVzdGl1RXNNdUFsdGVhMjAyNl9DYXJ0ZWxsLTAxLmpwZyJ9\">\n\t\t\t\t\t\t\t<img decoding=\"async\" width=\"724\" height=\"1024\" src=\"https:\/\/www.esmualtea.com\/wp-content\/uploads\/2026\/04\/EscolaEstiuEsMuAltea2026_Cartell-01-724x1024.jpg\" class=\"attachment-large size-large wp-image-10269\" alt=\"\" srcset=\"https:\/\/www.esmualtea.com\/wp-content\/uploads\/2026\/04\/EscolaEstiuEsMuAltea2026_Cartell-01-724x1024.jpg 724w, https:\/\/www.esmualtea.com\/wp-content\/uploads\/2026\/04\/EscolaEstiuEsMuAltea2026_Cartell-01-212x300.jpg 212w, https:\/\/www.esmualtea.com\/wp-content\/uploads\/2026\/04\/EscolaEstiuEsMuAltea2026_Cartell-01-768x1086.jpg 768w, https:\/\/www.esmualtea.com\/wp-content\/uploads\/2026\/04\/EscolaEstiuEsMuAltea2026_Cartell-01-1086x1536.jpg 1086w, https:\/\/www.esmualtea.com\/wp-content\/uploads\/2026\/04\/EscolaEstiuEsMuAltea2026_Cartell-01-1448x2048.jpg 1448w, https:\/\/www.esmualtea.com\/wp-content\/uploads\/2026\/04\/EscolaEstiuEsMuAltea2026_Cartell-01.jpg 1754w\" sizes=\"(max-width: 724px) 100vw, 724px\" \/>\t\t\t\t\t\t\t\t<\/a>\n\t\t\t\t\t\t\t\t\t\t\t\t\t\t\t<\/div>\n\t\t\t\t<\/div>\n\t\t\t\t\t<\/div>\n\t\t<\/div>\n\t\t\t\t<div class=\"elementor-column elementor-col-50 elementor-inner-column elementor-element elementor-element-ea7ecad\" data-id=\"ea7ecad\" data-element_type=\"column\">\n\t\t\t<div class=\"elementor-widget-wrap\">\n\t\t\t\t\t\t\t<\/div>\n\t\t<\/div>\n\t\t\t\t\t<\/div>\n\t\t<\/section>\n\t\t\t\t<div class=\"elementor-element elementor-element-2fd2a31 elementor-widget elementor-widget-spacer\" data-id=\"2fd2a31\" data-element_type=\"widget\" data-widget_type=\"spacer.default\">\n\t\t\t\t<div class=\"elementor-widget-container\">\n\t\t\t\t\t\t\t<div class=\"elementor-spacer\">\n\t\t\t<div class=\"elementor-spacer-inner\"><\/div>\n\t\t<\/div>\n\t\t\t\t\t\t<\/div>\n\t\t\t\t<\/div>\n\t\t\t\t\t<\/div>\n\t\t<\/div>\n\t\t\t\t<div class=\"elementor-column elementor-col-50 elementor-top-column elementor-element elementor-element-c43e667\" data-id=\"c43e667\" data-element_type=\"column\">\n\t\t\t<div class=\"elementor-widget-wrap elementor-element-populated\">\n\t\t\t\t\t\t<div class=\"elementor-element elementor-element-13cd5dc elementor-widget elementor-widget-heading\" data-id=\"13cd5dc\" data-element_type=\"widget\" data-widget_type=\"heading.default\">\n\t\t\t\t<div class=\"elementor-widget-container\">\n\t\t\t\t\t<h2 class=\"elementor-heading-title elementor-size-default\">A partir de 6 anys \/ Qualsevol edat<\/h2>\t\t\t\t<\/div>\n\t\t\t\t<\/div>\n\t\t\t\t<div class=\"elementor-element elementor-element-eb22785 elementor-widget elementor-widget-image\" data-id=\"eb22785\" data-element_type=\"widget\" data-widget_type=\"image.default\">\n\t\t\t\t<div class=\"elementor-widget-container\">\n\t\t\t\t\t\t\t\t\t\t\t\t\t\t\t<img decoding=\"async\" width=\"1024\" height=\"442\" src=\"https:\/\/www.esmualtea.com\/wp-content\/uploads\/2026\/04\/esmualtea_estiu2026_bannerAllargat-1024x442.jpg\" class=\"attachment-large size-large wp-image-10267\" alt=\"\" srcset=\"https:\/\/www.esmualtea.com\/wp-content\/uploads\/2026\/04\/esmualtea_estiu2026_bannerAllargat-1024x442.jpg 1024w, https:\/\/www.esmualtea.com\/wp-content\/uploads\/2026\/04\/esmualtea_estiu2026_bannerAllargat-300x130.jpg 300w, https:\/\/www.esmualtea.com\/wp-content\/uploads\/2026\/04\/esmualtea_estiu2026_bannerAllargat-768x332.jpg 768w, https:\/\/www.esmualtea.com\/wp-content\/uploads\/2026\/04\/esmualtea_estiu2026_bannerAllargat-1536x663.jpg 1536w, https:\/\/www.esmualtea.com\/wp-content\/uploads\/2026\/04\/esmualtea_estiu2026_bannerAllargat.jpg 1746w\" sizes=\"(max-width: 1024px) 100vw, 1024px\" \/>\t\t\t\t\t\t\t\t\t\t\t\t\t\t\t<\/div>\n\t\t\t\t<\/div>\n\t\t\t\t<section class=\"elementor-section elementor-inner-section elementor-element elementor-element-ee78062 elementor-section-boxed elementor-section-height-default elementor-section-height-default\" data-id=\"ee78062\" data-element_type=\"section\">\n\t\t\t\t\t\t<div class=\"elementor-container elementor-column-gap-default\">\n\t\t\t\t\t<div class=\"elementor-column elementor-col-50 elementor-inner-column elementor-element elementor-element-9b45793\" data-id=\"9b45793\" data-element_type=\"column\">\n\t\t\t<div class=\"elementor-widget-wrap elementor-element-populated\">\n\t\t\t\t\t\t<div class=\"elementor-element elementor-element-26e1c1f elementor-align-center elementor-widget elementor-widget-button\" data-id=\"26e1c1f\" data-element_type=\"widget\" data-widget_type=\"button.default\">\n\t\t\t\t<div class=\"elementor-widget-container\">\n\t\t\t\t\t\t\t\t\t<div class=\"elementor-button-wrapper\">\n\t\t\t\t\t<a class=\"elementor-button elementor-button-link elementor-size-sm\" href=\"https:\/\/www.esmualtea.com\/wp-content\/uploads\/2026\/04\/esmualtea_estiu2026web.pdf\" target=\"_blank\">\n\t\t\t\t\t\t<span class=\"elementor-button-content-wrapper\">\n\t\t\t\t\t\t\t\t\t<span class=\"elementor-button-text\">Cartell\/+info<\/span>\n\t\t\t\t\t<\/span>\n\t\t\t\t\t<\/a>\n\t\t\t\t<\/div>\n\t\t\t\t\t\t\t\t<\/div>\n\t\t\t\t<\/div>\n\t\t\t\t\t<\/div>\n\t\t<\/div>\n\t\t\t\t<div class=\"elementor-column elementor-col-50 elementor-inner-column elementor-element elementor-element-09dc5af\" data-id=\"09dc5af\" data-element_type=\"column\">\n\t\t\t<div class=\"elementor-widget-wrap elementor-element-populated\">\n\t\t\t\t\t\t<div class=\"elementor-element elementor-element-bbb4c12 elementor-align-center elementor-widget elementor-widget-button\" data-id=\"bbb4c12\" data-element_type=\"widget\" data-widget_type=\"button.default\">\n\t\t\t\t<div class=\"elementor-widget-container\">\n\t\t\t\t\t\t\t\t\t<div class=\"elementor-button-wrapper\">\n\t\t\t\t\t<a class=\"elementor-button elementor-button-link elementor-size-sm\" href=\"https:\/\/form.jotform.com\/261075015613347\" target=\"_blank\">\n\t\t\t\t\t\t<span class=\"elementor-button-content-wrapper\">\n\t\t\t\t\t\t\t\t\t<span class=\"elementor-button-text\">Inscripci\u00f3<\/span>\n\t\t\t\t\t<\/span>\n\t\t\t\t\t<\/a>\n\t\t\t\t<\/div>\n\t\t\t\t\t\t\t\t<\/div>\n\t\t\t\t<\/div>\n\t\t\t\t<div class=\"elementor-element elementor-element-281f264 elementor-widget elementor-widget-spacer\" data-id=\"281f264\" data-element_type=\"widget\" data-widget_type=\"spacer.default\">\n\t\t\t\t<div class=\"elementor-widget-container\">\n\t\t\t\t\t\t\t<div class=\"elementor-spacer\">\n\t\t\t<div class=\"elementor-spacer-inner\"><\/div>\n\t\t<\/div>\n\t\t\t\t\t\t<\/div>\n\t\t\t\t<\/div>\n\t\t\t\t\t<\/div>\n\t\t<\/div>\n\t\t\t\t\t<\/div>\n\t\t<\/section>\n\t\t\t\t<section class=\"elementor-section elementor-inner-section elementor-element elementor-element-2dfc6d8 elementor-section-boxed elementor-section-height-default elementor-section-height-default\" data-id=\"2dfc6d8\" data-element_type=\"section\">\n\t\t\t\t\t\t<div class=\"elementor-container elementor-column-gap-default\">\n\t\t\t\t\t<div class=\"elementor-column elementor-col-50 elementor-inner-column elementor-element elementor-element-47aa403\" data-id=\"47aa403\" data-element_type=\"column\">\n\t\t\t<div class=\"elementor-widget-wrap elementor-element-populated\">\n\t\t\t\t\t\t<div class=\"elementor-element elementor-element-2021083 elementor-widget elementor-widget-image\" data-id=\"2021083\" data-element_type=\"widget\" data-widget_type=\"image.default\">\n\t\t\t\t<div class=\"elementor-widget-container\">\n\t\t\t\t\t\t\t\t\t\t\t\t\t\t\t\t<a href=\"https:\/\/www.esmualtea.com\/wp-content\/uploads\/2026\/04\/esmualtea_estiu2026-01.jpg\" data-elementor-open-lightbox=\"yes\" data-elementor-lightbox-title=\"esmualtea_estiu2026-01\" data-e-action-hash=\"#elementor-action%3Aaction%3Dlightbox%26settings%3DeyJpZCI6MTAyNzEsInVybCI6Imh0dHBzOlwvXC93d3cuZXNtdWFsdGVhLmNvbVwvd3AtY29udGVudFwvdXBsb2Fkc1wvMjAyNlwvMDRcL2VzbXVhbHRlYV9lc3RpdTIwMjYtMDEuanBnIn0%3D\">\n\t\t\t\t\t\t\t<img loading=\"lazy\" decoding=\"async\" width=\"724\" height=\"1024\" src=\"https:\/\/www.esmualtea.com\/wp-content\/uploads\/2026\/04\/esmualtea_estiu2026-01-724x1024.jpg\" class=\"attachment-large size-large wp-image-10271\" alt=\"\" srcset=\"https:\/\/www.esmualtea.com\/wp-content\/uploads\/2026\/04\/esmualtea_estiu2026-01-724x1024.jpg 724w, https:\/\/www.esmualtea.com\/wp-content\/uploads\/2026\/04\/esmualtea_estiu2026-01-212x300.jpg 212w, https:\/\/www.esmualtea.com\/wp-content\/uploads\/2026\/04\/esmualtea_estiu2026-01-768x1086.jpg 768w, https:\/\/www.esmualtea.com\/wp-content\/uploads\/2026\/04\/esmualtea_estiu2026-01-1086x1536.jpg 1086w, https:\/\/www.esmualtea.com\/wp-content\/uploads\/2026\/04\/esmualtea_estiu2026-01-1448x2048.jpg 1448w, https:\/\/www.esmualtea.com\/wp-content\/uploads\/2026\/04\/esmualtea_estiu2026-01.jpg 1754w\" sizes=\"(max-width: 724px) 100vw, 724px\" \/>\t\t\t\t\t\t\t\t<\/a>\n\t\t\t\t\t\t\t\t\t\t\t\t\t\t\t<\/div>\n\t\t\t\t<\/div>\n\t\t\t\t\t<\/div>\n\t\t<\/div>\n\t\t\t\t<div class=\"elementor-column elementor-col-50 elementor-inner-column elementor-element elementor-element-fa14712\" data-id=\"fa14712\" data-element_type=\"column\">\n\t\t\t<div class=\"elementor-widget-wrap\">\n\t\t\t\t\t\t\t<\/div>\n\t\t<\/div>\n\t\t\t\t\t<\/div>\n\t\t<\/section>\n\t\t\t\t\t<\/div>\n\t\t<\/div>\n\t\t\t\t\t<\/div>\n\t\t<\/section>\n\t\t\t\t<\/div>\n\t\t","protected":false},"excerpt":{"rendered":"<p>2-8 anys Tr\u00edptic\/+info Inscripci\u00f3 (Inscripci\u00f3 oberta tot l&#8217;estiu subjecte a disponibilitat) Admesos Admesos (Public.: entre 1-6 juny\u00a0per a inscrits abans del 1\/jun, per a inscrits posteriorment s&#8217;informar\u00e0 per e-mail) (Matriculats a 31-05-23, matr\u00edcules posteriors s&#8217;informar\u00e0 per e-mail) A partir de 6 anys \/ Qualsevol edat Cartell\/+info Inscripci\u00f3<\/p>\n","protected":false},"author":1,"featured_media":0,"parent":0,"menu_order":0,"comment_status":"closed","ping_status":"closed","template":"","meta":{"footnotes":""},"_links":{"self":[{"href":"https:\/\/www.esmualtea.com\/va\/wp-json\/wp\/v2\/pages\/7685"}],"collection":[{"href":"https:\/\/www.esmualtea.com\/va\/wp-json\/wp\/v2\/pages"}],"about":[{"href":"https:\/\/www.esmualtea.com\/va\/wp-json\/wp\/v2\/types\/page"}],"author":[{"embeddable":true,"href":"https:\/\/www.esmualtea.com\/va\/wp-json\/wp\/v2\/users\/1"}],"replies":[{"embeddable":true,"href":"https:\/\/www.esmualtea.com\/va\/wp-json\/wp\/v2\/comments?post=7685"}],"version-history":[{"count":114,"href":"https:\/\/www.esmualtea.com\/va\/wp-json\/wp\/v2\/pages\/7685\/revisions"}],"predecessor-version":[{"id":10287,"href":"https:\/\/www.esmualtea.com\/va\/wp-json\/wp\/v2\/pages\/7685\/revisions\/10287"}],"wp:attachment":[{"href":"https:\/\/www.esmualtea.com\/va\/wp-json\/wp\/v2\/media?parent=7685"}],"curies":[{"name":"wp","href":"https:\/\/api.w.org\/{rel}","templated":true}]}}