{"id":4487,"date":"2021-08-29T12:05:47","date_gmt":"2021-08-29T12:05:47","guid":{"rendered":"http:\/\/esmualtea.com\/condiciones-generales\/"},"modified":"2024-01-12T10:15:32","modified_gmt":"2024-01-12T10:15:32","slug":"condiciones-generales","status":"publish","type":"page","link":"https:\/\/www.esmualtea.com\/va\/condiciones-generales\/","title":{"rendered":"Condicions generals"},"content":{"rendered":"\t\t<div data-elementor-type=\"wp-page\" data-elementor-id=\"4487\" class=\"elementor elementor-4487\">\n\t\t\t\t\t\t<section class=\"elementor-section elementor-top-section elementor-element elementor-element-3b26adc elementor-section-boxed elementor-section-height-default elementor-section-height-default\" data-id=\"3b26adc\" data-element_type=\"section\">\n\t\t\t\t\t\t<div class=\"elementor-container elementor-column-gap-default\">\n\t\t\t\t\t<div class=\"elementor-column elementor-col-100 elementor-top-column elementor-element elementor-element-e833848\" data-id=\"e833848\" data-element_type=\"column\">\n\t\t\t<div class=\"elementor-widget-wrap elementor-element-populated\">\n\t\t\t\t\t\t<div class=\"elementor-element elementor-element-e4b7486 elementor-widget elementor-widget-text-editor\" data-id=\"e4b7486\" data-element_type=\"widget\" data-widget_type=\"text-editor.default\">\n\t\t\t\t<div class=\"elementor-widget-container\">\n\t\t\t\t\t\t\t\t\t<p><strong>CONDICIONS GENERALS DE MATR\u00cdCULA<\/strong><br \/>Aplicable des del curs 2023\/24<\/p><p>1. ADMISSI\u00d3 \/ EDAT M\u00cdNIMA D&#8217;ACC\u00c9S. L&#8217;admissi\u00f3 estar\u00e0 subjecta a la disponibilitat de vacant en la\/es especialitat\/s sol\u2022licitada\/es. Per a l&#8217;assignaci\u00f3 de les vacants es prioritzaran les matr\u00edcules amb pagament domiciliat; encara que es podran establir puntualment altres criteris objectius. S&#8217;establix l&#8217;edat m\u00ednima segons especialitat. L&#8217;alumne haur\u00e0 de complir l&#8217;edat m\u00ednima durant l&#8217;any natural (que no acad\u00e8mic) en qu\u00e8 comen\u00e7a el curs acad\u00e8mic (p.e. per al curs acad\u00e8mic 2023\/24, l&#8217;alumne haur\u00e0 de complir l&#8217;edat m\u00ednima durant el 2023). Per a m\u00fasica: en Musibebes l&#8217;edat m\u00ednima \u00e9s 2 anys, en Jard\u00ed Musical l&#8217;edat m\u00ednima \u00e9s 3 anys i edat m\u00e0xima 7 anys, en els instruments \u00e9s 7 anys (excepte xirimita que \u00e9s 11 anys) (excepcionalment, nom\u00e9s els alumnes de Jard\u00ed Musical podran iniciar l&#8217;aprenentatge d&#8217;alguns instruments -consultar oferta d&#8217;instruments disponibles en la sol\u2022licitud de matr\u00edcula- amb una edat m\u00ednima de 5 anys), i solfeig i conjunt instrumental s&#8217;iniciar\u00e0 amb una edat m\u00ednima de 8 anys. Per a dansa: en Iniciaci\u00f3 a la Dansa l&#8217;edat m\u00ednima \u00e9s de 5 anys i la m\u00e0xima de 7 anys, el Nivell Elemental de Dansa i l&#8217;ensenyan\u00e7a lliure de dansa haur\u00e0 d&#8217;iniciar-se amb una edat m\u00ednima de 8 anys. Per a accedir a qualsevol curs de NIVELL ELEMENTAL, tant de m\u00fasica com de dansa, que no siga PRIMER, si no ha cursat el curs anterior en este Centre, haur\u00e0 d&#8217;aportar certificaci\u00f3 acad\u00e8mica d&#8217;haver superat el curs anterior.<\/p><p>2. CALENDARI ESCOLAR. La sol\u2022licitud de matr\u00edcula suposa l&#8217;acceptaci\u00f3 del calendari escolar del curs pel qual s&#8217;establixen els dies festius, dies h\u00e0bils, jornades de classe \u00fanicament per a jard\u00ed musical i jornades de classe \u00fanicament per a instruments. El calendari estar\u00e0 exposat durant tot el curs en la p\u00e0gina web www.esmualtea.com i en els taulers d&#8217;anuncis. En el cas que una classe programada segons el calendari no es puga realitzar, nom\u00e9s ser\u00e0 recuperable si \u00e9s l&#8217;escola i\/o professor qui no pot realitzar-la, la qual haur\u00e0 de recuperar-se en una data acordada per ambd\u00f3s parts (en cas de no poder acordar data es podr\u00e0 sol\u2022licitar compensaci\u00f3 recuperant la part proporcional de la quota, pr\u00e8via petici\u00f3 per mitj\u00e0 d&#8217;e-mail o per escrit en Secretaria dins dels 30 dies naturals posteriors a la classe no realitzada). Les quotes mensuals del curs seran invariables malgrat que hi haja mesos que es reba m\u00e9s\/menys classes que un altre, excepte la primera quota dels nous alumnes que s&#8217;incorporen posteriorment a l&#8217;inici del curs, que ser\u00e0 prorratejada al dia d&#8217;inici.<\/p><p>3. TAXES. S&#8217;establixen 2 tipus de taxes: les ORDIN\u00c0RIES i les EXTRAORDIN\u00c0RIES. Ambd\u00f3s s\u00f3n de compliment obligatori per a tot l&#8217;alumnat. Les TAXES ORDIN\u00c0RIES corresponen a la quota mensual i s&#8217;abonaran, per avan\u00e7ant, tal com es detalla en l&#8217;apartat CONDICIONS DE PAGAMENT de www.esmualtea.com. Les TAXES EXTRAORDIN\u00c0RIES s\u00f3n dos: la Matr\u00edcula Anual que s&#8217;abonar\u00e0 anualment abans de d&#8217;iniciar el curs (els socis de la Societat Filharm\u00f2nica Alteanense tenen exempta esta quota, per mitj\u00e0 de soci numerari adult i amb parentiu de primer grau de consanguinitat [nom\u00e9s pares i fills]); i l&#8217;Obertura d&#8217;Expedient, que nom\u00e9s l&#8217;abonaran els alumnes nous en quant formalitzen la seua matr\u00edcula (els alumnes que formalitzen la matr\u00edcula per Internet tenen esta taxa exempta).<\/p><p>4. PAGAMENTS. L&#8217;alumne haur\u00e0 de vetlar pel pagament de les taxes corresponents segons l&#8217;oferta educativa que cursa. La sol\u2022licitud de matr\u00edcula suposa l\u2019acceptaci\u00f3 de les \u201cCONDICIONES DE PAGAMENT\u201d les quals poden consultar-se en www.esmualtea.com i en els taulers d&#8217;anuncis de l&#8217;Escola.<\/p><p>5. COMPROM\u00cdS DE PERMAN\u00c8NCIA I PER\u00cdODE DE PROVA. L&#8217;alumne es compromet a abonar tot el trimestre quan este haja sigut iniciat. Per a causar baixa en el segon trimestre, la baixa haur\u00e0 de realitzar-se abans del 28 de desembre; per a causar baixa en el tercer trimestre, s&#8217;haur\u00e0 de realitzar abans del 28 de mar\u00e7. La baixa haur\u00e0 de cursar-se a trav\u00e9s de www.esmualtea.com (secci\u00f3 &#8216;tr\u00e0mits online&#8217;) o per mitj\u00e0 d&#8217;un escrit presentat en Secretaria. S&#8217;establix un per\u00edode de prova pel qual els alumnes nous podran causar baixa fins al 28 d&#8217;octubre, podent interrompre el pagament de les taxes ordin\u00e0ries en el moment de la baixa, aix\u00ed com sol\u2022licitar la devoluci\u00f3 de l&#8217;import de la taxa MATR\u00cdCULA ANUAL, si \u00e9s el cas. La taxa OBERTURA D&#8217;EXPEDIENT no ser\u00e0 reintegrable.<\/p><p>6. NOTIFICACIONS. Qualsevol notificaci\u00f3 o missatge que haja de fer-se arribar a l&#8217;alumne es realitzar\u00e0 principalment via missatge curt de tel\u00e8fon m\u00f2bil (SMS\/WhatsApp) al n\u00famero de contacte de l&#8217;alumne indicat en la sol\u2022licitud de matr\u00edcula com a &#8220;tel\u00e8fon m\u00f2bil Ppal.&#8221;, tamb\u00e9 es podr\u00e0 realitzar al correu electr\u00f2nic. Aquests contactes podran ser modificats en qualsevol moment en esmualtea.com i ser\u00e0 responsabilitat de l&#8217;usuari la seua actualitzaci\u00f3.<\/p><p>7. MATR\u00cdCULA AUTOM\u00c0TICA. L&#8217;alumne accepta l&#8217;aplicaci\u00f3 de la MATR\u00cdCULA AUTOM\u00c0TICA per al pr\u00f2xim curs. La matr\u00edcula autom\u00e0tica consistix en el fet que els alumnes que ja han estat matriculats durant el curs &#8211; i que no han causat baixa &#8211; queden autom\u00e0ticament matriculats per al seg\u00fcent curs, en les mateixes modalitats de matr\u00edcula amb qu\u00e8 va finalitzar el curs anterior, excepte els alumnes que han complit 8 anys (p.e. per al curs acad\u00e8mic 2023\/24, l&#8217;alumne nascut al 2015) i els que han aprovat 4t de Nivell Elemental que, en cas de voler continuar en l&#8217;Escola, hauran de formalitzar matr\u00edcula. Els alumnes que, segons el Pla d&#8217;Estudis (www.esmualtea.Com secci\u00f3 &#8216;Pla d&#8217;Estudis&#8217;) exigisca un augment de duraci\u00f3 de les classes d&#8217;instrument i\/o solfeig, seran renovats segons el dit Pla i ser\u00e0 notificats. Quant als grups de solfeig, el Pla d&#8217;Estudis establix una duraci\u00f3 basant-se en un r\u00e0tio major a 8 alumnes per grup, en cas d&#8217;haver-hi menys, la duraci\u00f3 de la classe ser\u00e0 menor.<\/p><p>8. BAIXES. Les baixes hauran de realitzar-se fins el dia 28 del mes anterior al que desitja aplicar la baixa i s\u2019hauran de tramitar en www.esmualtea.com\/bajas, o b\u00e9, en Secretaria (presencialment, per tel\u00e8fon, per e-mail o missatge curt). La simple inassist\u00e8ncia o comunicaci\u00f3 de la baixa a un professor no ser\u00e0 suficient en la majoria dels casos, perqu\u00e8 existeixen processos administratius que no es detenen fins que es realitza la petici\u00f3 de baixa de manera expressa i directa per l&#8217;usuari a Secretaria, i quede const\u00e0ncia d&#8217;aix\u00f2.<\/p><p>9. CAPTACI\u00d3 D&#8217;IMATGES. La sol\u2022licitud de matr\u00edcula suposa l&#8217;autoritzaci\u00f3 per a la captaci\u00f3 d&#8217;imatges de l&#8217;alumne durant la seua participaci\u00f3 o pres\u00e8ncia en les activitats i esdeveniments organitzats pel Centre, aix\u00ed com la seua inclusi\u00f3 en la seua p\u00e0gina web i en les publicacions escolars, mentres siga alumne del Centre. Aix\u00ed mateix, s&#8217;autoritza la participaci\u00f3 en totes les activitats programades per al curs, les quals seran comunicades amb suficient antelaci\u00f3. Esta autoritzaci\u00f3 pot ser revocada per escrit en qualsevol moment.<\/p><p>10. SEGURETAT SANIT\u00c0RIA. Amb la finalitat de garantir la seguretat sanit\u00e0ria, en cas que algun alumne present s\u00edmptomes o malaltia evident, especialment malalties infectocontagioses, es podr\u00e0 requerir de l&#8217;alumne un informe m\u00e8dic que autoritze el contacte amb altres persones i\/o que confirme que l&#8217;alumne no est\u00e0 en per\u00edode contagi\u00f3s (no es requereix m\u00e9s informaci\u00f3 que la indicada). En cas d\u2019emerg\u00e8ncia sanit\u00e0ria, l&#8217;usuari de l&#8217;Escola haur\u00e0 d&#8217;acatar la normativa que puga dictar l&#8217;Escola en relaci\u00f3 a emerg\u00e8ncies sanit\u00e0ries o similars de for\u00e7a major. En cas de confinament, l&#8217;Escola podr\u00e0 continuar l&#8217;activitat telem\u00e0ticament sense el sobrecost d\u2019aquesta modalitat on-line.<\/p><p>11. Als \u00fanics efectes informatius, l&#8217;\u00fas i manteniment de les instal\u2022lacions, manteniment i adquisici\u00f3 de l&#8217;instrumental musical, aix\u00ed com del material did\u00e0ctic-educatiu de m\u00fasica i dansa \u00e9s retribu\u00eft mitjan\u00e7ant el pagament de les quotes ordin\u00e0ries i extraordin\u00e0ries. La imputaci\u00f3, a manera estad\u00edstica, \u00e9s del total de les quotes extraordin\u00e0ries; en el cas de les quotes ordin\u00e0ries la quantitat que, per assignatura, no \u00e9s imputable a aquest concepte \u00e9s l&#8217;import de vint euros.<\/p><p>12. PROTECCI\u00d3 DE DADES. Les dades personals recollits en la sol\u2022licitud de matr\u00edcula seran inclosos en un fitxer per al tractament de l&#8217;Escola de M\u00fasica i Dansa d&#8217;Altea \/ Societat Filharm\u00f2nica Alteanense i podran ser compartits amb la Regidoria d&#8217;Educaci\u00f3\/Cultura de l&#8217;Ajuntament d&#8217;Altea i la Conselleria d&#8217;Educaci\u00f3\/Cultura de la Generalitat Valenciana, en l&#8217;\u00fas de les funcions pr\u00f2pies que t\u00e9 atribu\u00efdes en l&#8217;\u00e0mbit de les seues compet\u00e8ncies. Les dades seran recollides i tractades conforme a la Llei 3\/2018, de 5 de desembre, de Protecci\u00f3 de Dades Personals i Garantia dels Drets Digitals i el Reglament (UE) 2016\/679 del Parlament Europeu i del Consell, de 27 d&#8217;abril de 2016, relatiu a la protecci\u00f3 de les persones f\u00edsiques pel que fa al tractament de dades personals i a la lliure circulaci\u00f3 d&#8217;aquestes dades i pel qual es deroga la Directiva 95\/46\/CE (Reglament general de protecci\u00f3 de dades); o d\u2019altra legislaci\u00f3 que resulte d&#8217;aplicaci\u00f3.<\/p><p>13. VARIACI\u00d3 DE CONDICIONS. Estes CONDICIONS GENERALS DE MATR\u00cdCULA s\u00f3n susceptibles de futures variacions de les mateixes, basant-se en la millora i normalitzaci\u00f3 dels servicis del Centre, que seran degudament exposades en la pagina web www.esmualtea.com i podran ser remeses per e-mail o correu ordinari als interessats.<\/p>\t\t\t\t\t\t\t\t<\/div>\n\t\t\t\t<\/div>\n\t\t\t\t<div class=\"elementor-element elementor-element-5e2b065 elementor-widget elementor-widget-spacer\" data-id=\"5e2b065\" data-element_type=\"widget\" data-widget_type=\"spacer.default\">\n\t\t\t\t<div class=\"elementor-widget-container\">\n\t\t\t\t\t\t\t<div class=\"elementor-spacer\">\n\t\t\t<div class=\"elementor-spacer-inner\"><\/div>\n\t\t<\/div>\n\t\t\t\t\t\t<\/div>\n\t\t\t\t<\/div>\n\t\t\t\t\t<\/div>\n\t\t<\/div>\n\t\t\t\t\t<\/div>\n\t\t<\/section>\n\t\t\t\t<section class=\"elementor-section elementor-top-section elementor-element elementor-element-4205326 elementor-section-boxed elementor-section-height-default elementor-section-height-default\" data-id=\"4205326\" data-element_type=\"section\">\n\t\t\t\t\t\t<div class=\"elementor-container elementor-column-gap-default\">\n\t\t\t\t\t<div class=\"elementor-column elementor-col-100 elementor-top-column elementor-element elementor-element-e122716\" data-id=\"e122716\" data-element_type=\"column\">\n\t\t\t<div class=\"elementor-widget-wrap elementor-element-populated\">\n\t\t\t\t\t\t<div class=\"elementor-element elementor-element-7d9b9bb elementor-widget elementor-widget-heading\" data-id=\"7d9b9bb\" data-element_type=\"widget\" data-widget_type=\"heading.default\">\n\t\t\t\t<div class=\"elementor-widget-container\">\n\t\t\t\t\t<h6 class=\"elementor-heading-title elementor-size-default\">Tamb\u00e9 et pot interessar...<\/h6>\t\t\t\t<\/div>\n\t\t\t\t<\/div>\n\t\t\t\t\t<\/div>\n\t\t<\/div>\n\t\t\t\t\t<\/div>\n\t\t<\/section>\n\t\t\t\t<section class=\"elementor-section elementor-top-section elementor-element elementor-element-6ebcf4e elementor-section-boxed elementor-section-height-default elementor-section-height-default\" data-id=\"6ebcf4e\" data-element_type=\"section\">\n\t\t\t\t\t\t<div class=\"elementor-container elementor-column-gap-default\">\n\t\t\t\t\t<div class=\"elementor-column elementor-col-100 elementor-top-column elementor-element elementor-element-988cfbe\" data-id=\"988cfbe\" data-element_type=\"column\">\n\t\t\t<div class=\"elementor-widget-wrap elementor-element-populated\">\n\t\t\t\t\t\t<div class=\"elementor-element elementor-element-86e578e elementor-icon-list--layout-traditional elementor-list-item-link-full_width elementor-widget elementor-widget-icon-list\" data-id=\"86e578e\" data-element_type=\"widget\" data-widget_type=\"icon-list.default\">\n\t\t\t\t<div class=\"elementor-widget-container\">\n\t\t\t\t\t\t\t<ul class=\"elementor-icon-list-items\">\n\t\t\t\t\t\t\t<li class=\"elementor-icon-list-item\">\n\t\t\t\t\t\t\t\t\t\t\t<a href=\"http:\/\/esmualtea.com\/va\/condiciones-de-pago\/\">\n\n\t\t\t\t\t\t\t\t\t\t\t\t<span class=\"elementor-icon-list-icon\">\n\t\t\t\t\t\t\t<i aria-hidden=\"true\" class=\"fas fa-money-check-alt\"><\/i>\t\t\t\t\t\t<\/span>\n\t\t\t\t\t\t\t\t\t\t<span class=\"elementor-icon-list-text\">Condicions de pagament<\/span>\n\t\t\t\t\t\t\t\t\t\t\t<\/a>\n\t\t\t\t\t\t\t\t\t<\/li>\n\t\t\t\t\t\t\t\t<li class=\"elementor-icon-list-item\">\n\t\t\t\t\t\t\t\t\t\t\t<a href=\"http:\/\/esmualtea.com\/va\/tarifas\/\">\n\n\t\t\t\t\t\t\t\t\t\t\t\t<span class=\"elementor-icon-list-icon\">\n\t\t\t\t\t\t\t<i aria-hidden=\"true\" class=\"fas fa-money-bill\"><\/i>\t\t\t\t\t\t<\/span>\n\t\t\t\t\t\t\t\t\t\t<span class=\"elementor-icon-list-text\">Llista de tarifes i descomptes<\/span>\n\t\t\t\t\t\t\t\t\t\t\t<\/a>\n\t\t\t\t\t\t\t\t\t<\/li>\n\t\t\t\t\t\t\t\t<li class=\"elementor-icon-list-item\">\n\t\t\t\t\t\t\t\t\t\t\t<a href=\"http:\/\/esmualtea.com\/va\/faq\/\">\n\n\t\t\t\t\t\t\t\t\t\t\t\t<span class=\"elementor-icon-list-icon\">\n\t\t\t\t\t\t\t<i aria-hidden=\"true\" class=\"fas fa-question\"><\/i>\t\t\t\t\t\t<\/span>\n\t\t\t\t\t\t\t\t\t\t<span class=\"elementor-icon-list-text\">Preguntes freq\u00fcents<\/span>\n\t\t\t\t\t\t\t\t\t\t\t<\/a>\n\t\t\t\t\t\t\t\t\t<\/li>\n\t\t\t\t\t\t<\/ul>\n\t\t\t\t\t\t<\/div>\n\t\t\t\t<\/div>\n\t\t\t\t\t<\/div>\n\t\t<\/div>\n\t\t\t\t\t<\/div>\n\t\t<\/section>\n\t\t\t\t<\/div>\n\t\t","protected":false},"excerpt":{"rendered":"<p>CONDICIONS GENERALS DE MATR\u00cdCULAAplicable des del curs 2023\/24 1. ADMISSI\u00d3 \/ EDAT M\u00cdNIMA D&#8217;ACC\u00c9S. L&#8217;admissi\u00f3 estar\u00e0 subjecta a la disponibilitat de vacant en la\/es especialitat\/s sol\u2022licitada\/es. Per a l&#8217;assignaci\u00f3 de les vacants es prioritzaran les matr\u00edcules amb pagament domiciliat; encara que es podran establir puntualment altres criteris objectius. S&#8217;establix l&#8217;edat m\u00ednima segons especialitat. L&#8217;alumne haur\u00e0 [&hellip;]<\/p>\n","protected":false},"author":1,"featured_media":0,"parent":0,"menu_order":0,"comment_status":"closed","ping_status":"closed","template":"","meta":{"footnotes":""},"_links":{"self":[{"href":"https:\/\/www.esmualtea.com\/va\/wp-json\/wp\/v2\/pages\/4487"}],"collection":[{"href":"https:\/\/www.esmualtea.com\/va\/wp-json\/wp\/v2\/pages"}],"about":[{"href":"https:\/\/www.esmualtea.com\/va\/wp-json\/wp\/v2\/types\/page"}],"author":[{"embeddable":true,"href":"https:\/\/www.esmualtea.com\/va\/wp-json\/wp\/v2\/users\/1"}],"replies":[{"embeddable":true,"href":"https:\/\/www.esmualtea.com\/va\/wp-json\/wp\/v2\/comments?post=4487"}],"version-history":[{"count":22,"href":"https:\/\/www.esmualtea.com\/va\/wp-json\/wp\/v2\/pages\/4487\/revisions"}],"predecessor-version":[{"id":8923,"href":"https:\/\/www.esmualtea.com\/va\/wp-json\/wp\/v2\/pages\/4487\/revisions\/8923"}],"wp:attachment":[{"href":"https:\/\/www.esmualtea.com\/va\/wp-json\/wp\/v2\/media?parent=4487"}],"curies":[{"name":"wp","href":"https:\/\/api.w.org\/{rel}","templated":true}]}}