{"id":4394,"date":"2021-08-28T19:21:53","date_gmt":"2021-08-28T19:21:53","guid":{"rendered":"http:\/\/esmualtea.com\/preguntas-frecuentes-faq\/"},"modified":"2021-08-29T20:32:48","modified_gmt":"2021-08-29T20:32:48","slug":"faq","status":"publish","type":"page","link":"https:\/\/www.esmualtea.com\/va\/faq\/","title":{"rendered":"Preguntes freq\u00fcents (FAQ)"},"content":{"rendered":"            <div class=\"qae-faqs-container qae-faqs-toggle-container\">\n\t\t\t\t<h3 class=\"qe-faqs-group-title\">Pagaments<\/h3>\t\t<div id=\"qaef-4449\" class=\"qe-faq-toggle pagos-va\">\n\t\t\t<div class=\"qe-toggle-title\">\n\t\t\t\t<h4>\n\t\t\t\t\t<i class=\"fa fa-minus-circle\"><\/i> Com modificar la forma de pagament?\t\t\t\t<\/h4>\n\t\t\t<\/div>\n\t\t\t<div class=\"qe-toggle-content\">\n\t\t\t\t<p>Ha de sol\u00b7licitar el canvi de la forma de <a href=\"http:\/\/esmualtea.com\/va\/tramites\/cambio-pago\/\">pagament fent clic ac\u00ed<\/a>.<\/p>\n\t\t\t<\/div>\n\t\t<\/div>\n\t\t\t\t<div id=\"qaef-4461\" class=\"qe-faq-toggle pagos-va\">\n\t\t\t<div class=\"qe-toggle-title\">\n\t\t\t\t<h4>\n\t\t\t\t\t<i class=\"fa fa-minus-circle\"><\/i> Quins pagaments cal fer?\t\t\t\t<\/h4>\n\t\t\t<\/div>\n\t\t\t<div class=\"qe-toggle-content\">\n\t\t\t\t<p>Per a cursar a l&#8217;Escola de M\u00fasica i Dansa d&#8217;Altea (EsMuAltea) cal realitzar els seg\u00fcents pagaments:<br \/>\n&#8211; pagaments ordinaris:<strong> quota mensual<\/strong> segons la\/s ensenyament\/s que cursa (sols de setembre* i juny)<br \/>\n&#8211; pagaments extraordinaris: <strong>taxa de Matr\u00edcula Anual<\/strong> (100\u20ac\/anuals)** i<strong> taxa Obertura d&#8217;Expedient<\/strong> (21,01\u20ac)***<\/p>\n<p>* La quota mensual del mes de setembre se sol prorratejar al dia que s&#8217;inicia el curs, normalment sol ser un 50% de la quota habitual<br \/>\n** Gratu\u00efta per a socis de la *Societat *Filharm\u00f2nica *Alteanense (*SFA)<br \/>\n*** Gratu\u00efta si es realitza la matr\u00edcula en l\u00ednia a trav\u00e9s de <a href=\"http:\/\/esmualtea.com\/va\/tramites\/matricula\/\">www.esmualtea.com\/matricula<\/a><\/p>\n<p>&nbsp;<\/p>\n\t\t\t<\/div>\n\t\t<\/div>\n\t\t\t\t<div id=\"qaef-4464\" class=\"qe-faq-toggle pagos-va\">\n\t\t\t<div class=\"qe-toggle-title\">\n\t\t\t\t<h4>\n\t\t\t\t\t<i class=\"fa fa-minus-circle\"><\/i> Quines formes de pagament hi ha?\t\t\t\t<\/h4>\n\t\t\t<\/div>\n\t\t\t<div class=\"qe-toggle-content\">\n\t\t\t\t<p>Formes de pagament disponibles:<\/p>\n<ul>\n<li>DOMICILIACI\u00d3 BANC\u00c0RIA [10% Dte., pagament mensual]<\/li>\n<li>TRANSF.\/INGRE\u00c9S\/CAIXER 24h laCaixa [pagament trimestral]<\/li>\n<li>PAGAMENT EN EFECTIU EN SECRETARIA [pagament trimestral]<\/li>\n<\/ul>\n<p>Si tria la forma de pagament DOMICILIACI\u00d3 BANC\u00c0RIA se li aplicar\u00e0 un 10% de descompte sobre totes les quotes mensuals i la periodicitat de pagament ser\u00e0 mensual. En canvi, si tria qualsevol de les altres opcions haur\u00e0 d&#8217;abonar la totalitat de cada trimestre per endavant. M\u00e9s informaci\u00f3: <a href=\"http:\/\/esmualtea.com\/va\/condiciones-de-pago\/\">Condicions de pagaments<\/a>.<\/p>\n<p>&nbsp;<\/p>\n\t\t\t<\/div>\n\t\t<\/div>\n\t\t\t\t<div id=\"qaef-4586\" class=\"qe-faq-toggle pagos-va\">\n\t\t\t<div class=\"qe-toggle-title\">\n\t\t\t\t<h4>\n\t\t\t\t\t<i class=\"fa fa-minus-circle\"><\/i> Hi ha descomptes i\/o beques d&#8217;estudi?\t\t\t\t<\/h4>\n\t\t\t<\/div>\n\t\t\t<div class=\"qe-toggle-content\">\n\t\t\t\t<p>Si. Hi ha descomptes i beques per a aquells alumnes que complisquen les condicions per a aix\u00f2. Els <strong>descomptes<\/strong> pots veure&#8217;ls en el <a href=\"http:\/\/esmualtea.com\/va\/tarifas\/\">Llistat de tarifes i descomptes<\/a>. Les <strong>beques d&#8217;estudi<\/strong> pots veure-les <a href=\"http:\/\/esmualtea.com\/?s=beca\">ac\u00ed<\/a>.<\/p>\n<p>Tal com estableixen les <a href=\"http:\/\/esmualtea.com\/va\/condiciones-de-pago\/\">Condicions de pagament<\/a>, els alumnes que gaudisquen de descompte i\/o beca d&#8217;estudi la forma de pagament \u00fanicament podr\u00e0 ser mitjan\u00e7ant domiciliaci\u00f3 banc\u00e0ria.<\/p>\n\t\t\t<\/div>\n\t\t<\/div>\n\t\t\t\t<div id=\"qaef-4589\" class=\"qe-faq-toggle pagos-va\">\n\t\t\t<div class=\"qe-toggle-title\">\n\t\t\t\t<h4>\n\t\t\t\t\t<i class=\"fa fa-minus-circle\"><\/i> Qu\u00e8 passa si el meu banc retorna un rebut?\t\t\t\t<\/h4>\n\t\t\t<\/div>\n\t\t\t<div class=\"qe-toggle-content\">\n\t\t\t\t<p>Els alumnes amb la forma de pagament mitjan\u00e7ant domiciliaci\u00f3 banc\u00e0ria que retornen un rebut girat per l&#8217;Escola, els ser\u00e0 domiciliat novament el rebut amb el rec\u00e0rrec de 5\u20ac que estableixen les <a href=\"http:\/\/esmualtea.com\/va\/condiciones-de-pago\/\">Condicions de pagament<\/a>, junt al rebut del seg\u00fcent mes.<\/p>\n<p>Si es produeix diverses vegades al llarg del curs escolar, l&#8217;Escola podr\u00e0 interrompre el cobrament mitjan\u00e7ant domiciliaci\u00f3 banc\u00e0ria i exigir el pagament mitjan\u00e7ant qualsevol de les altres formes de pagament, amb la conseq\u00fcent p\u00e8rdua de descomptes que poguera estar gaudint (els descomptes NOM\u00c9S poden gaudir-se amb la forma de pagament mitjan\u00e7ant domiciliaci\u00f3 banc\u00e0ria).<\/p>\n<p>L&#8217;alumne amb 3 quota sense pagar ser\u00e0 donat de baixa per l&#8217;Escola, m\u00e9s informaci\u00f3 en <a href=\"http:\/\/esmualtea.com\/va\/condiciones-de-pago\/\">Condicions de pagament<\/a>.<\/p>\n\t\t\t<\/div>\n\t\t<\/div>\n\t\t\t\t<div id=\"qaef-8033\" class=\"qe-faq-toggle pagos-va\">\n\t\t\t<div class=\"qe-toggle-title\">\n\t\t\t\t<h4>\n\t\t\t\t\t<i class=\"fa fa-minus-circle\"><\/i> He pagat la taxa de MATR\u00cdCULA ANUAL (100\u20ac) i no em venen b\u00e9 els horaris\t\t\t\t<\/h4>\n\t\t\t<\/div>\n\t\t\t<div class=\"qe-toggle-content\">\n\t\t\t\t<p>No passa res! Aquesta taxa <strong>\u00c9S REEMBOSSABLE<\/strong> en cas que l&#8217;alumne no dispose de pla\u00e7a o b\u00e9 curse baixa abans del 28 d&#8217;octubre de cada curs escolar.<\/p>\n\t\t\t<\/div>\n\t\t<\/div>\n\t\t<h3 class=\"qe-faqs-group-title\">Matriculaci\u00f3<\/h3>\t\t<div id=\"qaef-4446\" class=\"qe-faq-toggle matriculacion-va\">\n\t\t\t<div class=\"qe-toggle-title\">\n\t\t\t\t<h4>\n\t\t\t\t\t<i class=\"fa fa-minus-circle\"><\/i> Quan se si la sol\u00b7licitud de matr\u00edcula \u00e9s admesa?\t\t\t\t<\/h4>\n\t\t\t<\/div>\n\t\t\t<div class=\"qe-toggle-content\">\n\t\t\t\t<p>Si la sol\u00b7licitud de matr\u00edcula es realitza en el <a href=\"http:\/\/esmualtea.com\/va\/calendario\/\">PRIMER TERMINI<\/a>, quasi totes les sol\u00b7licituds s\u00f3n admeses. En <a href=\"http:\/\/esmualtea.com\/va\/horarios\/\">Llistats i horaris<\/a> es publica el llistat d&#8217;alumnes admesos. Els alumnes les sol\u00b7licituds dels quals no puguen ser admeses (per falta de pla\u00e7a, incompliment de les condicions o altres motius) seran notificats d&#8217;aix\u00f2 via e-mail o SMS.<\/p>\n<p>Si la sol\u00b7licitud de matr\u00edcula es realitza en el <a href=\"http:\/\/esmualtea.com\/va\/calendario\/\">SEGON TERMINI<\/a>, haur\u00e0 d&#8217;esperar rebre -normalment per e-mail- confirmaci\u00f3 de disponibilitat de pla\u00e7a.<\/p>\n<p>Els alumnes les sol\u00b7licituds dels quals no puguen ser admeses per falta de pla\u00e7a passaran a formar part d&#8217;un llista d&#8217;espera.<\/p>\n\t\t\t<\/div>\n\t\t<\/div>\n\t\t\t\t<div id=\"qaef-4445\" class=\"qe-faq-toggle matriculacion-va\">\n\t\t\t<div class=\"qe-toggle-title\">\n\t\t\t\t<h4>\n\t\t\t\t\t<i class=\"fa fa-minus-circle\"><\/i> He de ser soci\/a de la Societat Filharm\u00f2nica Alteanense (SFA)?\t\t\t\t<\/h4>\n\t\t\t<\/div>\n\t\t\t<div class=\"qe-toggle-content\">\n\t\t\t\t<p>No. Per a cursar a l&#8217;Escola de M\u00fasica i Dansa d&#8217;Altea (EsMuAltea) no \u00e9s necessari ser soci\/a de la SFA. No obstant aix\u00f2, si ho f\u00f3ra, tindria la taxa de MATR\u00cdCULA ANUAL (100\u20ac) gratu\u00efta, tant el soci com els seus fills\/es.<\/p>\n\t\t\t<\/div>\n\t\t<\/div>\n\t\t\t\t<div id=\"qaef-4453\" class=\"qe-faq-toggle matriculacion-va\">\n\t\t\t<div class=\"qe-toggle-title\">\n\t\t\t\t<h4>\n\t\t\t\t\t<i class=\"fa fa-minus-circle\"><\/i> Puc donar-me d&#8217;alta de soci\/a de la SFA per a no pagar Matr\u00edcula Anual?\t\t\t\t<\/h4>\n\t\t\t<\/div>\n\t\t\t<div class=\"qe-toggle-content\">\n\t\t\t\t<p>Si, en el cas de nous alumnes, poden cursar l&#8217;alta de soci\/a de la SFA en el moment que cursa la sol\u00b7licitud de matr\u00edcula per a l&#8217;Escola; en el cas d&#8217;alumnes que ja s\u00f3n a l&#8217;Escola i els cursos anteriors hagen pagat Matr\u00edcula Anual, poden cursar alta de soci\/a de la SFA fins al mes de juliol immediat anterior a l&#8217;inici de curs. <a href=\"https:\/\/eu.jotform.com\/72406155900349\" target=\"_blank\" rel=\"noopener noreferrer\">Clic ac\u00ed per a cursar alta de soci de la SFA<\/a>.<\/p>\n\t\t\t<\/div>\n\t\t<\/div>\n\t\t\t\t<div id=\"qaef-4455\" class=\"qe-faq-toggle matriculacion-va\">\n\t\t\t<div class=\"qe-toggle-title\">\n\t\t\t\t<h4>\n\t\t\t\t\t<i class=\"fa fa-minus-circle\"><\/i> Quina difer\u00e8ncia hi ha entre ser soci de la SFA o pagar Matr\u00edcula Anual?\t\t\t\t<\/h4>\n\t\t\t<\/div>\n\t\t\t<div class=\"qe-toggle-content\">\n\t\t\t\t<p>La taxa de Matr\u00edcula Anual costa <strong>100\u20ac\/any<\/strong> i <strong>\u00c9S REEMBOSSABLE<\/strong> en cas que l&#8217;alumne no dispose de pla\u00e7a o b\u00e9 curse baixa abans del 28 d&#8217;octubre de cada curs escolar.<\/p>\n<p>El Soci de la SFA t\u00e9 la taxa de Matr\u00edcula Anual exempta (gratu\u00efta), per\u00f2 paga <strong>30\u20ac\/semestrals<\/strong> de quota de soci (a abonar aprx. en febrer i agost de cada any). Les quotes de soci <strong>NO S\u00d3N REEMBOSSABLES<\/strong>.<\/p>\n\t\t\t<\/div>\n\t\t<\/div>\n\t\t\t\t<div id=\"qaef-4458\" class=\"qe-faq-toggle matriculacion-va\">\n\t\t\t<div class=\"qe-toggle-title\">\n\t\t\t\t<h4>\n\t\t\t\t\t<i class=\"fa fa-minus-circle\"><\/i> Qu\u00e8 \u00e9s la taxa de MATR\u00cdCULA ANUAL (100\u20ac)?\t\t\t\t<\/h4>\n\t\t\t<\/div>\n\t\t\t<div class=\"qe-toggle-content\">\n\t\t\t\t<p>Aquesta taxa s&#8217;ha d&#8217;abonar anualment, abans d&#8217;iniciar el curs escolar, i \u00e9s la que d\u00f3na dret de matr\u00edcula a l&#8217;alumne. Aquesta taxa \u00e9s gratu\u00efta per a Socis de la Societat Filharm\u00f2nica Alteanense (SFA).<\/p>\n<p><strong>\u00c9S REEMBOSSABLE<\/strong>\u00a0en cas que l&#8217;alumne no dispose de pla\u00e7a o b\u00e9 curse baixa abans del 28 d&#8217;octubre de cada curs escolar.<\/p>\n\t\t\t<\/div>\n\t\t<\/div>\n\t\t\t\t<div id=\"qaef-4595\" class=\"qe-faq-toggle llista-despera matriculacion-va\">\n\t\t\t<div class=\"qe-toggle-title\">\n\t\t\t\t<h4>\n\t\t\t\t\t<i class=\"fa fa-minus-circle\"><\/i> Puc reservar pla\u00e7a?\t\t\t\t<\/h4>\n\t\t\t<\/div>\n\t\t\t<div class=\"qe-toggle-content\">\n\t\t\t\t<p>No. La reserva de pla\u00e7a, aix\u00ed com la preinscripci\u00f3, s\u00f3n processos que no existeixen en aquesta Escola. S&#8217;haur\u00e0 de sol\u00b7licitar matr\u00edcula sense m\u00e9s, en els terminis indicats en <a href=\"http:\/\/esmualtea.com\/va\/calendario\/\">Calendari<\/a>.<br \/>\nEls alumnes les sol\u00b7licituds dels quals no puguen ser admeses per falta de pla\u00e7a, seran informats -normalment per e-mail- d&#8217;aix\u00f2 i passaran a formar part de la llista d&#8217;espera.<\/p>\n\t\t\t<\/div>\n\t\t<\/div>\n\t\t\t\t<div id=\"qaef-4730\" class=\"qe-faq-toggle llista-despera matriculacion-va\">\n\t\t\t<div class=\"qe-toggle-title\">\n\t\t\t\t<h4>\n\t\t\t\t\t<i class=\"fa fa-minus-circle\"><\/i> Si no obtinc pla\u00e7a, entre en llista d&#8217;espera?\t\t\t\t<\/h4>\n\t\t\t<\/div>\n\t\t\t<div class=\"qe-toggle-content\">\n\t\t\t\t<p>Si, els alumnes les sol\u00b7licituds dels quals no poden ser admeses per falta de pla\u00e7a passen a formar part de la llista d&#8217;espera de la\/s especialitat\/s sol\u00b7licitada\/es.<\/p>\n<p>La llista d&#8217;espera caduca el 31 de maig de cada curs escolar. Els alumnes en llista d&#8217;espera interessats a cursar en el pr\u00f2xim curs escolar, deuran novament sol\u00b7licitar matr\u00edcula per al nou curs escolar.<\/p>\n\t\t\t<\/div>\n\t\t<\/div>\n\t\t<h3 class=\"qe-faqs-group-title\">Estudis<\/h3>\t\t<div id=\"qaef-4592\" class=\"qe-faq-toggle estudis\">\n\t\t\t<div class=\"qe-toggle-title\">\n\t\t\t\t<h4>\n\t\t\t\t\t<i class=\"fa fa-minus-circle\"><\/i> Hi ha edat m\u00ednima\/m\u00e0xima per a cursar?\t\t\t\t<\/h4>\n\t\t\t<\/div>\n\t\t\t<div class=\"qe-toggle-content\">\n\t\t\t\t<p>Si, hi ha etapes i especialitats en les quals existeix edat m\u00ednima i altres amb edat m\u00ednima i m\u00e0xima. En <a href=\"http:\/\/esmualtea.com\/va\/oferta-educativa\/\">Oferta educativa<\/a> et detallem el que pots cursar segons edat.<\/p>\n<p>&nbsp;<\/p>\n\t\t\t<\/div>\n\t\t<\/div>\n\t\t\t\t<div id=\"qaef-4597\" class=\"qe-faq-toggle estudis\">\n\t\t\t<div class=\"qe-toggle-title\">\n\t\t\t\t<h4>\n\t\t\t\t\t<i class=\"fa fa-minus-circle\"><\/i> Les classes s\u00f3n grupals o individuals?\t\t\t\t<\/h4>\n\t\t\t<\/div>\n\t\t\t<div class=\"qe-toggle-content\">\n\t\t\t\t<p>La classe d&#8217;instruments i\/o cant \u00e9s individual (nom\u00e9s l&#8217;alumne amb el professor).<\/p>\n<p>La resta d&#8217;ensenyaments s\u00f3n grupals (solfeig, jard\u00ed musical, musibeb\u00e9s, cor, banda, aix\u00ed com instrument col\u00b7lectiu [s&#8217;especifica amb &#8216;COL\u00b7LECTIU&#8217; en la seua descripci\u00f3]).<\/p>\n\t\t\t<\/div>\n\t\t<\/div>\n\t\t\t\t<div id=\"qaef-8916\" class=\"qe-faq-toggle estudis\">\n\t\t\t<div class=\"qe-toggle-title\">\n\t\t\t\t<h4>\n\t\t\t\t\t<i class=\"fa fa-minus-circle\"><\/i> L&#8217;escola presta l&#8217;instrument?\t\t\t\t<\/h4>\n\t\t\t<\/div>\n\t\t\t<div class=\"qe-toggle-content\">\n\t\t\t\t<p>Per a aquells alumnes matriculats en una especialitat instrumental, l&#8217;Escola procurar\u00e0 prestar instrument de les seg\u00fcents especialitats, a petici\u00f3 de l&#8217;alumne:<\/p>\n<p>\u2022 band\u00farria<br \/>\n\u2022 bombard\u00ed<br \/>\n\u2022 clarinet<br \/>\n\u2022 contrabaix<br \/>\n\u2022 fagot<br \/>\n\u2022 flauta<br \/>\n\u2022 lla\u00fct<br \/>\n\u2022 mandolina<br \/>\n\u2022 obo\u00e9<br \/>\n\u2022 sax\u00f2fon<br \/>\n\u2022 tromb\u00f3<br \/>\n\u2022 trompa<br \/>\n\u2022 trompeta<br \/>\n\u2022 tuba<br \/>\n\u2022 viola<br \/>\n\u2022 viol\u00ed<br \/>\n\u2022 violoncel<\/p>\n<p>No obstant aix\u00f2, l&#8217;Escola no sempre est\u00e0 en disposici\u00f3 de prestar un instrument. La disponibilitat real s&#8217;haur\u00e0 de consultar a l&#8217;Escola. En la majoria, el pr\u00e9stec estar\u00e0 subjecte a un temps determinat (m\u00e0x. 1 o 2 anys, segons instrument).<\/p>\n<p>INSTRUMENTS NO PRESTABLES:<br \/>\n\u2022 baix el\u00e8ctric<br \/>\n\u2022 bateria<br \/>\n\u2022 guitarra<br \/>\n\u2022 guitarra el\u00e8ctrica<br \/>\n\u2022 harm\u00f2nica<br \/>\n\u2022 piano<br \/>\n\u2022 percussi\u00f3<br \/>\n\u2022 tabalet<br \/>\n\u2022 xirimita<\/p>\n\t\t\t<\/div>\n\t\t<\/div>\n\t\t<h3 class=\"qe-faqs-group-title\">Llista d&#039;espera<\/h3>\t\t<div id=\"qaef-4595\" class=\"qe-faq-toggle llista-despera matriculacion-va\">\n\t\t\t<div class=\"qe-toggle-title\">\n\t\t\t\t<h4>\n\t\t\t\t\t<i class=\"fa fa-minus-circle\"><\/i> Puc reservar pla\u00e7a?\t\t\t\t<\/h4>\n\t\t\t<\/div>\n\t\t\t<div class=\"qe-toggle-content\">\n\t\t\t\t<p>No. La reserva de pla\u00e7a, aix\u00ed com la preinscripci\u00f3, s\u00f3n processos que no existeixen en aquesta Escola. S&#8217;haur\u00e0 de sol\u00b7licitar matr\u00edcula sense m\u00e9s, en els terminis indicats en <a href=\"http:\/\/esmualtea.com\/va\/calendario\/\">Calendari<\/a>.<br \/>\nEls alumnes les sol\u00b7licituds dels quals no puguen ser admeses per falta de pla\u00e7a, seran informats -normalment per e-mail- d&#8217;aix\u00f2 i passaran a formar part de la llista d&#8217;espera.<\/p>\n\t\t\t<\/div>\n\t\t<\/div>\n\t\t\t\t<div id=\"qaef-4730\" class=\"qe-faq-toggle llista-despera matriculacion-va\">\n\t\t\t<div class=\"qe-toggle-title\">\n\t\t\t\t<h4>\n\t\t\t\t\t<i class=\"fa fa-minus-circle\"><\/i> Si no obtinc pla\u00e7a, entre en llista d&#8217;espera?\t\t\t\t<\/h4>\n\t\t\t<\/div>\n\t\t\t<div class=\"qe-toggle-content\">\n\t\t\t\t<p>Si, els alumnes les sol\u00b7licituds dels quals no poden ser admeses per falta de pla\u00e7a passen a formar part de la llista d&#8217;espera de la\/s especialitat\/s sol\u00b7licitada\/es.<\/p>\n<p>La llista d&#8217;espera caduca el 31 de maig de cada curs escolar. Els alumnes en llista d&#8217;espera interessats a cursar en el pr\u00f2xim curs escolar, deuran novament sol\u00b7licitar matr\u00edcula per al nou curs escolar.<\/p>\n\t\t\t<\/div>\n\t\t<\/div>\n\t\t            <\/div>\n\t\t\n","protected":false},"excerpt":{"rendered":"Pagaments Com modificar la forma de pagament? Ha de sol\u00b7licitar el canvi de la forma de pagament fent clic ac\u00ed. Quins pagaments cal fer? Per a cursar a l&#8217;Escola de M\u00fasica i Dansa d&#8217;Altea (EsMuAltea) cal realitzar els seg\u00fcents pagaments: &#8211; pagaments ordinaris: quota mensual segons la\/s ensenyament\/s que cursa (sols de setembre* i juny) [...]","protected":false},"author":1,"featured_media":0,"parent":0,"menu_order":0,"comment_status":"closed","ping_status":"closed","template":"","meta":{"footnotes":""},"_links":{"self":[{"href":"https:\/\/www.esmualtea.com\/va\/wp-json\/wp\/v2\/pages\/4394"}],"collection":[{"href":"https:\/\/www.esmualtea.com\/va\/wp-json\/wp\/v2\/pages"}],"about":[{"href":"https:\/\/www.esmualtea.com\/va\/wp-json\/wp\/v2\/types\/page"}],"author":[{"embeddable":true,"href":"https:\/\/www.esmualtea.com\/va\/wp-json\/wp\/v2\/users\/1"}],"replies":[{"embeddable":true,"href":"https:\/\/www.esmualtea.com\/va\/wp-json\/wp\/v2\/comments?post=4394"}],"version-history":[{"count":17,"href":"https:\/\/www.esmualtea.com\/va\/wp-json\/wp\/v2\/pages\/4394\/revisions"}],"predecessor-version":[{"id":4612,"href":"https:\/\/www.esmualtea.com\/va\/wp-json\/wp\/v2\/pages\/4394\/revisions\/4612"}],"wp:attachment":[{"href":"https:\/\/www.esmualtea.com\/va\/wp-json\/wp\/v2\/media?parent=4394"}],"curies":[{"name":"wp","href":"https:\/\/api.w.org\/{rel}","templated":true}]}}