{"id":3288,"date":"2021-08-22T10:21:30","date_gmt":"2021-08-22T10:21:30","guid":{"rendered":"http:\/\/esmualtea.com\/oferta-educativa\/"},"modified":"2025-05-25T11:21:53","modified_gmt":"2025-05-25T11:21:53","slug":"oferta-educativa","status":"publish","type":"page","link":"https:\/\/www.esmualtea.com\/va\/oferta-educativa\/","title":{"rendered":"Oferta educativa"},"content":{"rendered":"\t\t<div data-elementor-type=\"wp-page\" data-elementor-id=\"3288\" class=\"elementor elementor-3288\">\n\t\t\t\t\t\t<section class=\"elementor-section elementor-top-section elementor-element elementor-element-57d809c elementor-section-boxed elementor-section-height-default elementor-section-height-default\" data-id=\"57d809c\" data-element_type=\"section\">\n\t\t\t\t\t\t<div class=\"elementor-container elementor-column-gap-default\">\n\t\t\t\t\t<div class=\"elementor-column elementor-col-100 elementor-top-column elementor-element elementor-element-ead42f8\" data-id=\"ead42f8\" data-element_type=\"column\">\n\t\t\t<div class=\"elementor-widget-wrap elementor-element-populated\">\n\t\t\t\t\t\t<div class=\"elementor-element elementor-element-7fd6618 elementor-widget elementor-widget-heading\" data-id=\"7fd6618\" data-element_type=\"widget\" data-widget_type=\"heading.default\">\n\t\t\t\t<div class=\"elementor-widget-container\">\n\t\t\t\t\t<h3 class=\"elementor-heading-title elementor-size-default\">Oferta educativa escolar 2025\/26:<\/h3>\t\t\t\t<\/div>\n\t\t\t\t<\/div>\n\t\t\t\t<div class=\"elementor-element elementor-element-bc00e11 elementor-widget elementor-widget-spacer\" data-id=\"bc00e11\" data-element_type=\"widget\" data-widget_type=\"spacer.default\">\n\t\t\t\t<div class=\"elementor-widget-container\">\n\t\t\t\t\t\t\t<div class=\"elementor-spacer\">\n\t\t\t<div class=\"elementor-spacer-inner\"><\/div>\n\t\t<\/div>\n\t\t\t\t\t\t<\/div>\n\t\t\t\t<\/div>\n\t\t\t\t\t<\/div>\n\t\t<\/div>\n\t\t\t\t\t<\/div>\n\t\t<\/section>\n\t\t\t\t<section class=\"elementor-section elementor-top-section elementor-element elementor-element-4b9fe5e elementor-section-boxed elementor-section-height-default elementor-section-height-default\" data-id=\"4b9fe5e\" data-element_type=\"section\">\n\t\t\t\t\t\t<div class=\"elementor-container elementor-column-gap-default\">\n\t\t\t\t\t<div class=\"elementor-column elementor-col-100 elementor-top-column elementor-element elementor-element-ec82968\" data-id=\"ec82968\" data-element_type=\"column\">\n\t\t\t<div class=\"elementor-widget-wrap elementor-element-populated\">\n\t\t\t\t\t\t<section class=\"elementor-section elementor-inner-section elementor-element elementor-element-0e433f5 elementor-section-boxed elementor-section-height-default elementor-section-height-default\" data-id=\"0e433f5\" data-element_type=\"section\">\n\t\t\t\t\t\t<div class=\"elementor-container elementor-column-gap-default\">\n\t\t\t\t\t<div class=\"elementor-column elementor-col-50 elementor-inner-column elementor-element elementor-element-942f10e\" data-id=\"942f10e\" data-element_type=\"column\">\n\t\t\t<div class=\"elementor-widget-wrap elementor-element-populated\">\n\t\t\t\t\t\t<div class=\"elementor-element elementor-element-88cff97 elementor-widget elementor-widget-heading\" data-id=\"88cff97\" data-element_type=\"widget\" data-widget_type=\"heading.default\">\n\t\t\t\t<div class=\"elementor-widget-container\">\n\t\t\t\t\t<h4 class=\"elementor-heading-title elementor-size-default\">Per tipus d'ensenyament<\/h4>\t\t\t\t<\/div>\n\t\t\t\t<\/div>\n\t\t\t\t<div class=\"elementor-element elementor-element-aadd01a elementor-widget elementor-widget-image\" data-id=\"aadd01a\" data-element_type=\"widget\" data-widget_type=\"image.default\">\n\t\t\t\t<div class=\"elementor-widget-container\">\n\t\t\t\t\t\t\t\t\t\t\t\t\t\t\t\t<a href=\"https:\/\/www.esmualtea.com\/wp-content\/uploads\/2025\/05\/OfertaEducativa2025-26Val-scaled.jpg\" data-elementor-open-lightbox=\"yes\" data-elementor-lightbox-title=\"OfertaEducativa2025-26Val\" data-e-action-hash=\"#elementor-action%3Aaction%3Dlightbox%26settings%3DeyJpZCI6OTczMCwidXJsIjoiaHR0cHM6XC9cL3d3dy5lc211YWx0ZWEuY29tXC93cC1jb250ZW50XC91cGxvYWRzXC8yMDI1XC8wNVwvT2ZlcnRhRWR1Y2F0aXZhMjAyNS0yNlZhbC1zY2FsZWQuanBnIn0%3D\">\n\t\t\t\t\t\t\t<img fetchpriority=\"high\" decoding=\"async\" width=\"724\" height=\"1024\" src=\"https:\/\/www.esmualtea.com\/wp-content\/uploads\/2025\/05\/OfertaEducativa2025-26Val-724x1024.jpg\" class=\"attachment-large size-large wp-image-9730\" alt=\"\" srcset=\"https:\/\/www.esmualtea.com\/wp-content\/uploads\/2025\/05\/OfertaEducativa2025-26Val-724x1024.jpg 724w, https:\/\/www.esmualtea.com\/wp-content\/uploads\/2025\/05\/OfertaEducativa2025-26Val-212x300.jpg 212w, https:\/\/www.esmualtea.com\/wp-content\/uploads\/2025\/05\/OfertaEducativa2025-26Val-768x1086.jpg 768w, https:\/\/www.esmualtea.com\/wp-content\/uploads\/2025\/05\/OfertaEducativa2025-26Val-1086x1536.jpg 1086w, https:\/\/www.esmualtea.com\/wp-content\/uploads\/2025\/05\/OfertaEducativa2025-26Val-1448x2048.jpg 1448w, https:\/\/www.esmualtea.com\/wp-content\/uploads\/2025\/05\/OfertaEducativa2025-26Val-scaled.jpg 1810w\" sizes=\"(max-width: 724px) 100vw, 724px\" \/>\t\t\t\t\t\t\t\t<\/a>\n\t\t\t\t\t\t\t\t\t\t\t\t\t\t\t<\/div>\n\t\t\t\t<\/div>\n\t\t\t\t\t<\/div>\n\t\t<\/div>\n\t\t\t\t<div class=\"elementor-column elementor-col-50 elementor-inner-column elementor-element elementor-element-a07bfc7\" data-id=\"a07bfc7\" data-element_type=\"column\">\n\t\t\t<div class=\"elementor-widget-wrap elementor-element-populated\">\n\t\t\t\t\t\t<div class=\"elementor-element elementor-element-3c90222 elementor-widget elementor-widget-heading\" data-id=\"3c90222\" data-element_type=\"widget\" data-widget_type=\"heading.default\">\n\t\t\t\t<div class=\"elementor-widget-container\">\n\t\t\t\t\t<h4 class=\"elementor-heading-title elementor-size-default\">Per edat<\/h4>\t\t\t\t<\/div>\n\t\t\t\t<\/div>\n\t\t\t\t<div class=\"elementor-element elementor-element-50984aa elementor-widget elementor-widget-text-editor\" data-id=\"50984aa\" data-element_type=\"widget\" data-widget_type=\"text-editor.default\">\n\t\t\t\t<div class=\"elementor-widget-container\">\n\t\t\t\t\t\t\t\t\t<p>Edad cumplida el a\u00f1o natural (que no acad\u00e9mico) en el que empieza el curso acad\u00e9mico.<\/p>\t\t\t\t\t\t\t\t<\/div>\n\t\t\t\t<\/div>\n\t\t\t\t<div class=\"elementor-element elementor-element-8de9b8c elementor-widget elementor-widget-accordion\" data-id=\"8de9b8c\" data-element_type=\"widget\" data-widget_type=\"accordion.default\">\n\t\t\t\t<div class=\"elementor-widget-container\">\n\t\t\t\t\t\t\t<div class=\"elementor-accordion\">\n\t\t\t\t\t\t\t<div class=\"elementor-accordion-item\">\n\t\t\t\t\t<div id=\"elementor-tab-title-1481\" class=\"elementor-tab-title\" data-tab=\"1\" role=\"button\" aria-controls=\"elementor-tab-content-1481\" aria-expanded=\"false\">\n\t\t\t\t\t\t\t\t\t\t\t\t\t<span class=\"elementor-accordion-icon elementor-accordion-icon-left\" aria-hidden=\"true\">\n\t\t\t\t\t\t\t\t\t\t\t\t\t\t\t<span class=\"elementor-accordion-icon-closed\"><i class=\"fas fa-plus\"><\/i><\/span>\n\t\t\t\t\t\t\t\t<span class=\"elementor-accordion-icon-opened\"><i class=\"fas fa-minus\"><\/i><\/span>\n\t\t\t\t\t\t\t\t\t\t\t\t\t\t<\/span>\n\t\t\t\t\t\t\t\t\t\t\t\t<a class=\"elementor-accordion-title\" tabindex=\"0\">0-1 a\u00f1os<\/a>\n\t\t\t\t\t<\/div>\n\t\t\t\t\t<div id=\"elementor-tab-content-1481\" class=\"elementor-tab-content elementor-clearfix\" data-tab=\"1\" role=\"region\" aria-labelledby=\"elementor-tab-title-1481\"><p><strong>SENSIB. MUSICAL<\/strong> [41,67 \u20ac\/mes]<\/p><p>NOTA: S\u00f3lo se aceptar\u00e1n los beb\u00e9s nacidos entre el 1 de enero del a\u00f1o anterior al que empieza el curso y el 31 de marzo del a\u00f1o en que empieza el curso (esto son beb\u00e9s de 6-20 meses respecto al 30 de sept. aprx. del a\u00f1o en que empieza el curso).\u00a0<\/p><\/div>\n\t\t\t\t<\/div>\n\t\t\t\t\t\t\t<div class=\"elementor-accordion-item\">\n\t\t\t\t\t<div id=\"elementor-tab-title-1482\" class=\"elementor-tab-title\" data-tab=\"2\" role=\"button\" aria-controls=\"elementor-tab-content-1482\" aria-expanded=\"false\">\n\t\t\t\t\t\t\t\t\t\t\t\t\t<span class=\"elementor-accordion-icon elementor-accordion-icon-left\" aria-hidden=\"true\">\n\t\t\t\t\t\t\t\t\t\t\t\t\t\t\t<span class=\"elementor-accordion-icon-closed\"><i class=\"fas fa-plus\"><\/i><\/span>\n\t\t\t\t\t\t\t\t<span class=\"elementor-accordion-icon-opened\"><i class=\"fas fa-minus\"><\/i><\/span>\n\t\t\t\t\t\t\t\t\t\t\t\t\t\t<\/span>\n\t\t\t\t\t\t\t\t\t\t\t\t<a class=\"elementor-accordion-title\" tabindex=\"0\">2 a\u00f1os<\/a>\n\t\t\t\t\t<\/div>\n\t\t\t\t\t<div id=\"elementor-tab-content-1482\" class=\"elementor-tab-content elementor-clearfix\" data-tab=\"2\" role=\"region\" aria-labelledby=\"elementor-tab-title-1482\"><p><strong>MUSIBEB\u00c9S<\/strong> [41,67 \u20ac\/mes]<\/p><\/div>\n\t\t\t\t<\/div>\n\t\t\t\t\t\t\t<div class=\"elementor-accordion-item\">\n\t\t\t\t\t<div id=\"elementor-tab-title-1483\" class=\"elementor-tab-title\" data-tab=\"3\" role=\"button\" aria-controls=\"elementor-tab-content-1483\" aria-expanded=\"false\">\n\t\t\t\t\t\t\t\t\t\t\t\t\t<span class=\"elementor-accordion-icon elementor-accordion-icon-left\" aria-hidden=\"true\">\n\t\t\t\t\t\t\t\t\t\t\t\t\t\t\t<span class=\"elementor-accordion-icon-closed\"><i class=\"fas fa-plus\"><\/i><\/span>\n\t\t\t\t\t\t\t\t<span class=\"elementor-accordion-icon-opened\"><i class=\"fas fa-minus\"><\/i><\/span>\n\t\t\t\t\t\t\t\t\t\t\t\t\t\t<\/span>\n\t\t\t\t\t\t\t\t\t\t\t\t<a class=\"elementor-accordion-title\" tabindex=\"0\">3-4 a\u00f1os<\/a>\n\t\t\t\t\t<\/div>\n\t\t\t\t\t<div id=\"elementor-tab-content-1483\" class=\"elementor-tab-content elementor-clearfix\" data-tab=\"3\" role=\"region\" aria-labelledby=\"elementor-tab-title-1483\"><p><strong>JARD\u00cdN MUSICAL<\/strong> [41,67 \u20ac\/mes]<\/p><\/div>\n\t\t\t\t<\/div>\n\t\t\t\t\t\t\t<div class=\"elementor-accordion-item\">\n\t\t\t\t\t<div id=\"elementor-tab-title-1484\" class=\"elementor-tab-title\" data-tab=\"4\" role=\"button\" aria-controls=\"elementor-tab-content-1484\" aria-expanded=\"false\">\n\t\t\t\t\t\t\t\t\t\t\t\t\t<span class=\"elementor-accordion-icon elementor-accordion-icon-left\" aria-hidden=\"true\">\n\t\t\t\t\t\t\t\t\t\t\t\t\t\t\t<span class=\"elementor-accordion-icon-closed\"><i class=\"fas fa-plus\"><\/i><\/span>\n\t\t\t\t\t\t\t\t<span class=\"elementor-accordion-icon-opened\"><i class=\"fas fa-minus\"><\/i><\/span>\n\t\t\t\t\t\t\t\t\t\t\t\t\t\t<\/span>\n\t\t\t\t\t\t\t\t\t\t\t\t<a class=\"elementor-accordion-title\" tabindex=\"0\">5 a\u00f1os<\/a>\n\t\t\t\t\t<\/div>\n\t\t\t\t\t<div id=\"elementor-tab-content-1484\" class=\"elementor-tab-content elementor-clearfix\" data-tab=\"4\" role=\"region\" aria-labelledby=\"elementor-tab-title-1484\"><p><strong>DANZA<\/strong> (Iniciaci\u00f3n a la danza) [35 \u20ac\/mes]<br \/><strong>JARD\u00cdN MUSICAL<\/strong> [41,67 \u20ac\/mes]<br \/><strong>JARD\u00cdN MUSICAL + DANZA<\/strong> [57,78 \u20ac\/mes]<br \/><strong>JARD\u00cdN MUSICAL + INSTRUMENTO COLECTIVO<\/strong> [61,67 \u20ac\/mes]<br \/><strong>JARD\u00cdN MUSICAL + DANZA + INSTRUM. COLECT.<\/strong> [77,78 \u20ac\/mes]<\/p><p style=\"padding-left: 40px;\">Instrumento colectivo<\/p><p style=\"padding-left: 80px;\">Tromb\u00f3n colectivo<br \/>Trompa colectiva<\/p><\/div>\n\t\t\t\t<\/div>\n\t\t\t\t\t\t\t<div class=\"elementor-accordion-item\">\n\t\t\t\t\t<div id=\"elementor-tab-title-1485\" class=\"elementor-tab-title\" data-tab=\"5\" role=\"button\" aria-controls=\"elementor-tab-content-1485\" aria-expanded=\"false\">\n\t\t\t\t\t\t\t\t\t\t\t\t\t<span class=\"elementor-accordion-icon elementor-accordion-icon-left\" aria-hidden=\"true\">\n\t\t\t\t\t\t\t\t\t\t\t\t\t\t\t<span class=\"elementor-accordion-icon-closed\"><i class=\"fas fa-plus\"><\/i><\/span>\n\t\t\t\t\t\t\t\t<span class=\"elementor-accordion-icon-opened\"><i class=\"fas fa-minus\"><\/i><\/span>\n\t\t\t\t\t\t\t\t\t\t\t\t\t\t<\/span>\n\t\t\t\t\t\t\t\t\t\t\t\t<a class=\"elementor-accordion-title\" tabindex=\"0\">6 a\u00f1os<\/a>\n\t\t\t\t\t<\/div>\n\t\t\t\t\t<div id=\"elementor-tab-content-1485\" class=\"elementor-tab-content elementor-clearfix\" data-tab=\"5\" role=\"region\" aria-labelledby=\"elementor-tab-title-1485\"><p><strong>DANZA<\/strong> (Iniciaci\u00f3n a la danza) [35 \u20ac\/mes]<br \/><strong>JARD\u00cdN MUSICAL<\/strong> [41,67 \u20ac\/mes]<br \/><strong>JARD\u00cdN MUSICAL + DANZA<\/strong> [57,78 \u20ac\/mes]<br \/><strong>JARD\u00cdN MUSICAL + INSTRUMENTO<\/strong> [41,67 \u20ac\/mes +..]<br \/><strong>JARD\u00cdN MUSICAL + DANZA + INSTRUMENTO<\/strong> [57,78 \u20ac\/mes +..]<\/p><p style=\"padding-left: 40px;\">Instrumento colectivo [..+ 20 \u20ac\/mes]<\/p><p style=\"padding-left: 80px;\">Tromb\u00f3n colectivo<br \/>Trompa colectiva<\/p><p style=\"padding-left: 40px;\">Instrumento individual [..+30\u20ac\/mes\/instrum.]<\/p><p style=\"padding-left: 80px;\">BOMBARDINO<br \/>FLAUTA<br \/>GUITARRA<br \/>PERCUSI\u00d3N<br \/>SAXOF\u00d3N<br \/>TROMB\u00d3N<br \/>TROMPA<br \/>VIOLA<br \/>VIOL\u00cdN<\/p><\/div>\n\t\t\t\t<\/div>\n\t\t\t\t\t\t\t<div class=\"elementor-accordion-item\">\n\t\t\t\t\t<div id=\"elementor-tab-title-1486\" class=\"elementor-tab-title\" data-tab=\"6\" role=\"button\" aria-controls=\"elementor-tab-content-1486\" aria-expanded=\"false\">\n\t\t\t\t\t\t\t\t\t\t\t\t\t<span class=\"elementor-accordion-icon elementor-accordion-icon-left\" aria-hidden=\"true\">\n\t\t\t\t\t\t\t\t\t\t\t\t\t\t\t<span class=\"elementor-accordion-icon-closed\"><i class=\"fas fa-plus\"><\/i><\/span>\n\t\t\t\t\t\t\t\t<span class=\"elementor-accordion-icon-opened\"><i class=\"fas fa-minus\"><\/i><\/span>\n\t\t\t\t\t\t\t\t\t\t\t\t\t\t<\/span>\n\t\t\t\t\t\t\t\t\t\t\t\t<a class=\"elementor-accordion-title\" tabindex=\"0\">7 a\u00f1os<\/a>\n\t\t\t\t\t<\/div>\n\t\t\t\t\t<div id=\"elementor-tab-content-1486\" class=\"elementor-tab-content elementor-clearfix\" data-tab=\"6\" role=\"region\" aria-labelledby=\"elementor-tab-title-1486\"><p><strong>DANZA<\/strong> (Iniciaci\u00f3n a la danza) [35 \u20ac\/mes]<br \/><strong>JARD\u00cdN MUSICAL<\/strong> [41,67 \u20ac\/mes]<br \/><strong>JARD\u00cdN MUSICAL + DANZA<\/strong> [57,78 \u20ac\/mes]<br \/><strong>JARD\u00cdN MUSICAL + INSTRUM. COLECTIVO<\/strong> [61,67 \u20ac\/mes]<br \/><strong>JARD\u00cdN MUSICAL + DANZA + INSTRUM. COLECTIVO<\/strong> [77,78 \u20ac\/mes]<br \/><strong>JARD\u00cdN MUSICAL + INSTRUM. INDIVIDUAL<\/strong> [71,67 \u20ac\/mes]<br \/><strong>JARD\u00cdN MUSICAL + DANZA + INSTRUM. INDIVIDUAL<\/strong> [87,78 \u20ac\/mes]<br \/><strong>S\u00d3LO INSTRUMENTO INDIVIDUAL<\/strong> [40,56 \u20ac\/mes]<\/p><p style=\"padding-left: 40px;\">Instrumento colectivo<\/p><p style=\"padding-left: 80px;\">Tromb\u00f3n colectivo<br \/>Trompa colectiva<\/p><p style=\"padding-left: 40px;\">Instrumento individual<\/p><p style=\"padding-left: 80px;\">ARM\u00d3NICA<br \/>BAJO ELECTRICO<br \/>BANDURRIA<br \/>BATER\u00cdA<br \/>BOMBARDINO<br \/>CANTO L\u00cdRICO<br \/>CANTO MODERNO<br \/>CLARINETE<br \/>CONTRABAJO<br \/>FAGOT<br \/>FLAUTA<br \/>GUITARRA<br \/>GUITARRA MODERNA<br \/>LAUD<br \/>MANDOLINA<br \/>OBOE<br \/>PERCUSI\u00d3N<br \/>PIANO<br \/>SAXOF\u00d3N<br \/>TABALET [Dto. 9,50 \u20ac\/mes con JM, Dto. 18,90 \u20ac Solo intr.]<br \/>TROMB\u00d3N<br \/>TROMPA<br \/>TROMPETA<br \/>TUBA<br \/>VIOLA<br \/>VIOL\u00cdN<br \/>VIOLONCHELO<\/p><\/div>\n\t\t\t\t<\/div>\n\t\t\t\t\t\t\t<div class=\"elementor-accordion-item\">\n\t\t\t\t\t<div id=\"elementor-tab-title-1487\" class=\"elementor-tab-title\" data-tab=\"7\" role=\"button\" aria-controls=\"elementor-tab-content-1487\" aria-expanded=\"false\">\n\t\t\t\t\t\t\t\t\t\t\t\t\t<span class=\"elementor-accordion-icon elementor-accordion-icon-left\" aria-hidden=\"true\">\n\t\t\t\t\t\t\t\t\t\t\t\t\t\t\t<span class=\"elementor-accordion-icon-closed\"><i class=\"fas fa-plus\"><\/i><\/span>\n\t\t\t\t\t\t\t\t<span class=\"elementor-accordion-icon-opened\"><i class=\"fas fa-minus\"><\/i><\/span>\n\t\t\t\t\t\t\t\t\t\t\t\t\t\t<\/span>\n\t\t\t\t\t\t\t\t\t\t\t\t<a class=\"elementor-accordion-title\" tabindex=\"0\">8 a\u00f1os en adelante<\/a>\n\t\t\t\t\t<\/div>\n\t\t\t\t\t<div id=\"elementor-tab-content-1487\" class=\"elementor-tab-content elementor-clearfix\" data-tab=\"7\" role=\"region\" aria-labelledby=\"elementor-tab-title-1487\"><p>DANZA<\/p><p style=\"padding-left: 40px;\"><strong>DANZA N. ELEM.<\/strong> (Cl\u00e1sica, moderna y espa\u00f1ola) (4h\/sem) [60 \u20ac\/mes]<br \/><strong>Asignaturas sueltas<\/strong><\/p><p style=\"padding-left: 80px;\">DANZA CL\u00c1SICA (2h\/sem) [40,56 \u20ac\/mes]<br \/>DANZA MODERNA (1h\/sem) [27,78 \u20ac\/mes]<br \/>DANZA MODERNA (3h\/sem) [49,44 \u20ac\/mes] (s\u00f3lo mayores de 16 a\u00f1os)<br \/>DANZA ESPA\u00d1OLA (1h\/sem) [27,78 \u20ac\/mes]<br \/>FLAMENCO (1,5h\/sem) [33,33 \u20ac\/mes] (s\u00f3lo mayores de 16 a\u00f1os)<br \/>SEVILLANAS (1,5h\/sem) [33,33 \u20ac\/mes] (s\u00f3lo mayores de 16 a\u00f1os)<\/p><p>M\u00daSICA<\/p><p style=\"padding-left: 40px;\"><strong>SOLFEO + INSTRUMENTO INDIVIDUAL<\/strong> [71,67 \u20ac\/mes]<br \/><strong>S\u00f3lo SOLFEO<\/strong> [41,67 \u20ac\/mes]<br \/><strong>S\u00f3lo INSTRUMENTO INDIVIDUAL<\/strong> [40,56 \u20ac\/mes]<\/p><p style=\"padding-left: 80px;\">ARM\u00d3NICA<br \/>BAJO ELECTRICO<br \/>BANDURRIA<br \/>BATER\u00cdA<br \/>BOMBARDINO<br \/>CANTO L\u00cdRICO<br \/>CANTO MODERNO<br \/>CLARINETE<br \/>CONTRABAJO<br \/>FAGOT<br \/>FLAUTA<br \/>GUITARRA<br \/>GUITARRA MODERNA<br \/>LAUD<br \/>MANDOLINA<br \/>OBOE<br \/>PERCUSI\u00d3N<br \/>PIANO<br \/>SAXOF\u00d3N<br \/>TABALET [Dto. 3,33 \u20ac\/mes con Solfeo, Dto. 7,23 \u20ac Solo intr.]<br \/>TROMB\u00d3N<br \/>TROMPA<br \/>TROMPETA<br \/>TUBA<br \/>VIOLA<br \/>VIOL\u00cdN<br \/>VIOLONCHELO<br \/>XIRIMITA (a partir de 11 a\u00f1os) [Dto. 32,3\u20ac\/mes]<\/p><p style=\"padding-left: 40px;\"><strong>Asignaturas opcionales<\/strong><\/p><p style=\"padding-left: 80px;\">Cursar segundo instrumento <br \/>Coro (edad: a partir de 8 a\u00f1os) [+27,78 \u20ac\/mes o gratis para alumnos]<br \/>Banda de iniciaci\u00f3n (edad: a partir de 10 a\u00f1os) [+27,78 \u20ac\/mes o gratis para alumnos]<\/p><\/div>\n\t\t\t\t<\/div>\n\t\t\t\t\t\t\t\t<\/div>\n\t\t\t\t\t\t<\/div>\n\t\t\t\t<\/div>\n\t\t\t\t<div class=\"elementor-element elementor-element-d0a5345 elementor-widget elementor-widget-text-editor\" data-id=\"d0a5345\" data-element_type=\"widget\" data-widget_type=\"text-editor.default\">\n\t\t\t\t<div class=\"elementor-widget-container\">\n\t\t\t\t\t\t\t\t\t<p>El instrumento individual se puede cursar 30 minutos\/semanales, 45 minutos\/semanales o 1 hora\/semanal. Los precios indicados en las tablas anteriores son por 30 m\/sem. Para ver tarifas con otros tiempos ver LISTA DE TARIFAS\/DESCUENTOS.<\/p>\t\t\t\t\t\t\t\t<\/div>\n\t\t\t\t<\/div>\n\t\t\t\t\t<\/div>\n\t\t<\/div>\n\t\t\t\t\t<\/div>\n\t\t<\/section>\n\t\t\t\t\t<\/div>\n\t\t<\/div>\n\t\t\t\t\t<\/div>\n\t\t<\/section>\n\t\t\t\t<section class=\"elementor-section elementor-top-section elementor-element elementor-element-9ca91d6 elementor-section-boxed elementor-section-height-default elementor-section-height-default\" data-id=\"9ca91d6\" data-element_type=\"section\">\n\t\t\t\t\t\t<div class=\"elementor-container elementor-column-gap-default\">\n\t\t\t\t\t<div class=\"elementor-column elementor-col-100 elementor-top-column elementor-element elementor-element-289dd58\" data-id=\"289dd58\" data-element_type=\"column\">\n\t\t\t<div class=\"elementor-widget-wrap elementor-element-populated\">\n\t\t\t\t\t\t<div class=\"elementor-element elementor-element-1a597fd elementor-widget elementor-widget-spacer\" data-id=\"1a597fd\" data-element_type=\"widget\" data-widget_type=\"spacer.default\">\n\t\t\t\t<div class=\"elementor-widget-container\">\n\t\t\t\t\t\t\t<div class=\"elementor-spacer\">\n\t\t\t<div class=\"elementor-spacer-inner\"><\/div>\n\t\t<\/div>\n\t\t\t\t\t\t<\/div>\n\t\t\t\t<\/div>\n\t\t\t\t<section class=\"elementor-section elementor-inner-section elementor-element elementor-element-76042f8 elementor-section-boxed elementor-section-height-default elementor-section-height-default\" data-id=\"76042f8\" data-element_type=\"section\">\n\t\t\t\t\t\t<div class=\"elementor-container elementor-column-gap-default\">\n\t\t\t\t\t<div class=\"elementor-column elementor-col-50 elementor-inner-column elementor-element elementor-element-550d4c1\" data-id=\"550d4c1\" data-element_type=\"column\">\n\t\t\t<div class=\"elementor-widget-wrap elementor-element-populated\">\n\t\t\t\t\t\t<div class=\"elementor-element elementor-element-ecaebd1 elementor-widget elementor-widget-text-editor\" data-id=\"ecaebd1\" data-element_type=\"widget\" data-widget_type=\"text-editor.default\">\n\t\t\t\t<div class=\"elementor-widget-container\">\n\t\t\t\t\t\t\t\t\t<p style=\"text-align: center;\"><a href=\"http:\/\/esmualtea.com\/va\/plan-de-estudios\/\">PLA DESTUDIS<\/a><\/p>\t\t\t\t\t\t\t\t<\/div>\n\t\t\t\t<\/div>\n\t\t\t\t<div class=\"elementor-element elementor-element-1fe41ec elementor-widget elementor-widget-image\" data-id=\"1fe41ec\" data-element_type=\"widget\" data-widget_type=\"image.default\">\n\t\t\t\t<div class=\"elementor-widget-container\">\n\t\t\t\t\t\t\t\t\t\t\t\t\t\t\t\t<a href=\"http:\/\/esmualtea.com\/va\/plan-de-estudios\/\">\n\t\t\t\t\t\t\t<img decoding=\"async\" src=\"https:\/\/www.esmualtea.com\/wp-content\/uploads\/elementor\/thumbs\/estructura_sistema_educativo_page-0001-qp1549q9ettoase7x052jgskwqch9j04gqznad1q80.jpg\" title=\"estructura_sistema_educativo_page-0001\" alt=\"estructura_sistema_educativo_page-0001\" loading=\"lazy\" \/>\t\t\t\t\t\t\t\t<\/a>\n\t\t\t\t\t\t\t\t\t\t\t\t\t\t\t<\/div>\n\t\t\t\t<\/div>\n\t\t\t\t\t<\/div>\n\t\t<\/div>\n\t\t\t\t<div class=\"elementor-column elementor-col-50 elementor-inner-column elementor-element elementor-element-ad8bbf1\" data-id=\"ad8bbf1\" data-element_type=\"column\">\n\t\t\t<div class=\"elementor-widget-wrap elementor-element-populated\">\n\t\t\t\t\t\t<div class=\"elementor-element elementor-element-73e0b3c elementor-widget elementor-widget-text-editor\" data-id=\"73e0b3c\" data-element_type=\"widget\" data-widget_type=\"text-editor.default\">\n\t\t\t\t<div class=\"elementor-widget-container\">\n\t\t\t\t\t\t\t\t\t<p style=\"text-align: center;\"><a href=\"http:\/\/esmualtea.com\/va\/tarifas\/\" target=\"_blank\" rel=\"noopener\">LLISTA DE TARIFES\/DESCOMPTES<\/a><\/p>\t\t\t\t\t\t\t\t<\/div>\n\t\t\t\t<\/div>\n\t\t\t\t<div class=\"elementor-element elementor-element-4859fd0 elementor-widget elementor-widget-image\" data-id=\"4859fd0\" data-element_type=\"widget\" data-widget_type=\"image.default\">\n\t\t\t\t<div class=\"elementor-widget-container\">\n\t\t\t\t\t\t\t\t\t\t\t\t\t\t\t\t<a href=\"http:\/\/esmualtea.com\/va\/tarifas\/\" target=\"_blank\">\n\t\t\t\t\t\t\t<img decoding=\"async\" src=\"https:\/\/www.esmualtea.com\/wp-content\/uploads\/elementor\/thumbs\/Llista-de-tarifes-_cas_-qp154ao3lnuymecurijp3yk1i47uh83usvn4rn0c1s.jpg\" title=\"Llista de tarifes _cas_\" alt=\"Llista de tarifes _cas_\" loading=\"lazy\" \/>\t\t\t\t\t\t\t\t<\/a>\n\t\t\t\t\t\t\t\t\t\t\t\t\t\t\t<\/div>\n\t\t\t\t<\/div>\n\t\t\t\t\t<\/div>\n\t\t<\/div>\n\t\t\t\t\t<\/div>\n\t\t<\/section>\n\t\t\t\t\t<\/div>\n\t\t<\/div>\n\t\t\t\t\t<\/div>\n\t\t<\/section>\n\t\t\t\t<\/div>\n\t\t","protected":false},"excerpt":{"rendered":"<p>Oferta educativa escolar 2025\/26: Per tipus d&#8217;ensenyament Per edat Edad cumplida el a\u00f1o natural (que no acad\u00e9mico) en el que empieza el curso acad\u00e9mico. 0-1 a\u00f1os SENSIB. MUSICAL [41,67 \u20ac\/mes] NOTA: S\u00f3lo se aceptar\u00e1n los beb\u00e9s nacidos entre el 1 de enero del a\u00f1o anterior al que empieza el curso y el 31 de marzo [&hellip;]<\/p>\n","protected":false},"author":1,"featured_media":0,"parent":0,"menu_order":0,"comment_status":"closed","ping_status":"closed","template":"","meta":{"footnotes":""},"_links":{"self":[{"href":"https:\/\/www.esmualtea.com\/va\/wp-json\/wp\/v2\/pages\/3288"}],"collection":[{"href":"https:\/\/www.esmualtea.com\/va\/wp-json\/wp\/v2\/pages"}],"about":[{"href":"https:\/\/www.esmualtea.com\/va\/wp-json\/wp\/v2\/types\/page"}],"author":[{"embeddable":true,"href":"https:\/\/www.esmualtea.com\/va\/wp-json\/wp\/v2\/users\/1"}],"replies":[{"embeddable":true,"href":"https:\/\/www.esmualtea.com\/va\/wp-json\/wp\/v2\/comments?post=3288"}],"version-history":[{"count":31,"href":"https:\/\/www.esmualtea.com\/va\/wp-json\/wp\/v2\/pages\/3288\/revisions"}],"predecessor-version":[{"id":9734,"href":"https:\/\/www.esmualtea.com\/va\/wp-json\/wp\/v2\/pages\/3288\/revisions\/9734"}],"wp:attachment":[{"href":"https:\/\/www.esmualtea.com\/va\/wp-json\/wp\/v2\/media?parent=3288"}],"curies":[{"name":"wp","href":"https:\/\/api.w.org\/{rel}","templated":true}]}}