{"id":2970,"date":"2021-08-19T16:09:53","date_gmt":"2021-08-19T16:09:53","guid":{"rendered":"http:\/\/esmualtea.com\/xirimita-i-tabalet\/"},"modified":"2025-09-25T11:56:07","modified_gmt":"2025-09-25T11:56:07","slug":"xirimita-i-tabalet","status":"publish","type":"page","link":"https:\/\/www.esmualtea.com\/va\/xirimita-i-tabalet\/","title":{"rendered":"Xirimita i tabalet"},"content":{"rendered":"\t\t<div data-elementor-type=\"wp-page\" data-elementor-id=\"2970\" class=\"elementor elementor-2970\">\n\t\t\t\t\t\t<section class=\"elementor-section elementor-top-section elementor-element elementor-element-5fe9e635 elementor-section-boxed elementor-section-height-default elementor-section-height-default\" data-id=\"5fe9e635\" data-element_type=\"section\">\n\t\t\t\t\t\t<div class=\"elementor-container elementor-column-gap-default\">\n\t\t\t\t\t<div class=\"elementor-column elementor-col-100 elementor-top-column elementor-element elementor-element-3a17eb7c\" data-id=\"3a17eb7c\" data-element_type=\"column\">\n\t\t\t<div class=\"elementor-widget-wrap elementor-element-populated\">\n\t\t\t\t\t\t<section class=\"elementor-section elementor-inner-section elementor-element elementor-element-a87ef53 elementor-section-boxed elementor-section-height-default elementor-section-height-default\" data-id=\"a87ef53\" data-element_type=\"section\">\n\t\t\t\t\t\t<div class=\"elementor-container elementor-column-gap-default\">\n\t\t\t\t\t<div class=\"elementor-column elementor-col-50 elementor-inner-column elementor-element elementor-element-7a185d2\" data-id=\"7a185d2\" data-element_type=\"column\">\n\t\t\t<div class=\"elementor-widget-wrap elementor-element-populated\">\n\t\t\t\t\t\t<div class=\"elementor-element elementor-element-1e647a9 elementor-widget elementor-widget-image\" data-id=\"1e647a9\" data-element_type=\"widget\" data-widget_type=\"image.default\">\n\t\t\t\t<div class=\"elementor-widget-container\">\n\t\t\t\t\t\t\t\t\t\t\t\t\t\t\t\t<a href=\"http:\/\/esmualtea.com\/wp-content\/uploads\/2021\/08\/ClassesDeXirimitaiTabalet_3mesGrat-01-scaled.jpg\" target=\"_blank\">\n\t\t\t\t\t\t\t<img fetchpriority=\"high\" decoding=\"async\" width=\"724\" height=\"1024\" src=\"https:\/\/www.esmualtea.com\/wp-content\/uploads\/2021\/08\/ClassesDeXirimitaiTabalet_3mesGrat-01-724x1024.jpg\" class=\"attachment-large size-large wp-image-2973\" alt=\"\" srcset=\"https:\/\/www.esmualtea.com\/wp-content\/uploads\/2021\/08\/ClassesDeXirimitaiTabalet_3mesGrat-01-724x1024.jpg 724w, https:\/\/www.esmualtea.com\/wp-content\/uploads\/2021\/08\/ClassesDeXirimitaiTabalet_3mesGrat-01-212x300.jpg 212w, https:\/\/www.esmualtea.com\/wp-content\/uploads\/2021\/08\/ClassesDeXirimitaiTabalet_3mesGrat-01-768x1086.jpg 768w, https:\/\/www.esmualtea.com\/wp-content\/uploads\/2021\/08\/ClassesDeXirimitaiTabalet_3mesGrat-01-1086x1536.jpg 1086w, https:\/\/www.esmualtea.com\/wp-content\/uploads\/2021\/08\/ClassesDeXirimitaiTabalet_3mesGrat-01-1448x2048.jpg 1448w, https:\/\/www.esmualtea.com\/wp-content\/uploads\/2021\/08\/ClassesDeXirimitaiTabalet_3mesGrat-01-scaled.jpg 1810w\" sizes=\"(max-width: 724px) 100vw, 724px\" \/>\t\t\t\t\t\t\t\t<\/a>\n\t\t\t\t\t\t\t\t\t\t\t\t\t\t\t<\/div>\n\t\t\t\t<\/div>\n\t\t\t\t\t<\/div>\n\t\t<\/div>\n\t\t\t\t<div class=\"elementor-column elementor-col-50 elementor-inner-column elementor-element elementor-element-2c9181f\" data-id=\"2c9181f\" data-element_type=\"column\">\n\t\t\t<div class=\"elementor-widget-wrap elementor-element-populated\">\n\t\t\t\t\t\t<div class=\"elementor-element elementor-element-627dadb elementor-widget elementor-widget-text-editor\" data-id=\"627dadb\" data-element_type=\"widget\" data-widget_type=\"text-editor.default\">\n\t\t\t\t<div class=\"elementor-widget-container\">\n\t\t\t\t\t\t\t\t\t<h4><span style=\"color: #008080;\"><strong>CLASSES DE XIRIMITA I TABALET<\/strong><\/span><\/h4><ul><li>Professor: Maci\u00e0 Llinares Montiel<\/li><li>Ensenyament individual o grups redu\u00efts<\/li><li>Horaris disponibles: <b>dijous <\/b>(vesprada)<\/li><li>No cal coneixements previs de m\u00fasica<\/li><li>Edat m\u00ednima: tabalet 7 anys \u00b7 xirimita 11 anys<\/li><li><span style=\"font-size: 13px; color: var( --e-global-color-text );\">Per\u00edode d&#8217;inscripci\u00f3: Durant tot l&#8217;any<\/span><\/li><\/ul><h5>PROMOCI\u00d3 <strong>CLASSES GRATUITES<\/strong> DURANT 3 MESOS:<\/h5><p>&#8211; A banda de la gratu\u00eftat de 3 mesos, la taxa de matr\u00edcula anual (100\u20ac) tamb\u00e9 \u00e9s gratu\u00efta per a tot el curs actual.<br \/>&#8211; Promoci\u00f3 v\u00e0lida sols per a alumnes nous o alumnes ja existents no matriculats en xirimita\/tabalet. <br \/>&#8211; Places gratu\u00eftes limitades i v\u00e0lides mentre estiga publicada aquesta promoci\u00f3 en esmualtea.com.<br \/>&#8211; S&#8217;haur\u00e0 de triar un instrument: XIRIMITA o TABALET. Si desitja cursar tots dos, consultar amb el professor.<br \/><span style=\"font-size: 13px; color: var( --e-global-color-text );\">&#8211; Sense cap comprom\u00eds de continuar. A partir del quart mes, si l&#8217;alumne vol continuar, sols pagaria la mensualitat que son 19,50 \u20ac\/mes (tabalet) o 30\u20ac\/mes (xirimita) [pagament domiciliat].\u00a0<\/span><\/p><p style=\"text-align: center;\"><span style=\"color: #008080;\">Per a adherir-se a la promoci\u00f3 cal fer sol\u00b7licitud de matr\u00edcula <br \/>indicant el CODI PROMOCIONAL &#8220;<strong>XIRTABMATRI<\/strong>&#8220;:<\/span><\/p>\t\t\t\t\t\t\t\t<\/div>\n\t\t\t\t<\/div>\n\t\t\t\t<div class=\"elementor-element elementor-element-5329207 elementor-align-center elementor-widget elementor-widget-button\" data-id=\"5329207\" data-element_type=\"widget\" data-widget_type=\"button.default\">\n\t\t\t\t<div class=\"elementor-widget-container\">\n\t\t\t\t\t\t\t\t\t<div class=\"elementor-button-wrapper\">\n\t\t\t\t\t<a class=\"elementor-button elementor-button-link elementor-size-sm\" href=\"http:\/\/esmualtea.com\/va\/tramites\/matricula\/matricula\/\" target=\"_blank\">\n\t\t\t\t\t\t<span class=\"elementor-button-content-wrapper\">\n\t\t\t\t\t\t\t\t\t<span class=\"elementor-button-text\">SOL\u00b7LICITUD DE MATR\u00cdCULA<\/span>\n\t\t\t\t\t<\/span>\n\t\t\t\t\t<\/a>\n\t\t\t\t<\/div>\n\t\t\t\t\t\t\t\t<\/div>\n\t\t\t\t<\/div>\n\t\t\t\t\t<\/div>\n\t\t<\/div>\n\t\t\t\t\t<\/div>\n\t\t<\/section>\n\t\t\t\t\t<\/div>\n\t\t<\/div>\n\t\t\t\t\t<\/div>\n\t\t<\/section>\n\t\t\t\t<\/div>\n\t\t","protected":false},"excerpt":{"rendered":"<p>CLASSES DE XIRIMITA I TABALET Professor: Maci\u00e0 Llinares Montiel Ensenyament individual o grups redu\u00efts Horaris disponibles: dijous (vesprada) No cal coneixements previs de m\u00fasica Edat m\u00ednima: tabalet 7 anys \u00b7 xirimita 11 anys Per\u00edode d&#8217;inscripci\u00f3: Durant tot l&#8217;any PROMOCI\u00d3 CLASSES GRATUITES DURANT 3 MESOS: &#8211; A banda de la gratu\u00eftat de 3 mesos, la taxa [&hellip;]<\/p>\n","protected":false},"author":1,"featured_media":0,"parent":0,"menu_order":0,"comment_status":"closed","ping_status":"closed","template":"","meta":{"footnotes":""},"_links":{"self":[{"href":"https:\/\/www.esmualtea.com\/va\/wp-json\/wp\/v2\/pages\/2970"}],"collection":[{"href":"https:\/\/www.esmualtea.com\/va\/wp-json\/wp\/v2\/pages"}],"about":[{"href":"https:\/\/www.esmualtea.com\/va\/wp-json\/wp\/v2\/types\/page"}],"author":[{"embeddable":true,"href":"https:\/\/www.esmualtea.com\/va\/wp-json\/wp\/v2\/users\/1"}],"replies":[{"embeddable":true,"href":"https:\/\/www.esmualtea.com\/va\/wp-json\/wp\/v2\/comments?post=2970"}],"version-history":[{"count":63,"href":"https:\/\/www.esmualtea.com\/va\/wp-json\/wp\/v2\/pages\/2970\/revisions"}],"predecessor-version":[{"id":10123,"href":"https:\/\/www.esmualtea.com\/va\/wp-json\/wp\/v2\/pages\/2970\/revisions\/10123"}],"wp:attachment":[{"href":"https:\/\/www.esmualtea.com\/va\/wp-json\/wp\/v2\/media?parent=2970"}],"curies":[{"name":"wp","href":"https:\/\/api.w.org\/{rel}","templated":true}]}}