{"id":2010,"date":"2021-05-30T12:00:25","date_gmt":"2021-05-30T12:00:25","guid":{"rendered":"http:\/\/esmualtea.com\/eventos\/"},"modified":"2021-05-30T12:21:11","modified_gmt":"2021-05-30T12:21:11","slug":"eventos","status":"publish","type":"page","link":"https:\/\/www.esmualtea.com\/va\/eventos\/","title":{"rendered":"Esdeveniments"},"content":{"rendered":"<p><span style=\"color: #ff0000;\"><em>P\u00e0gina en construcci\u00f3<\/em><\/span><\/p>\n<p>&nbsp;<\/p>\n\t\t<div class=\"wppsac-wrap wppsac-slick-slider-wrp wppsac-clearfix \" data-conf=\"{&quot;dots&quot;:&quot;true&quot;,&quot;arrows&quot;:&quot;true&quot;,&quot;autoplay&quot;:&quot;true&quot;,&quot;autoplay_interval&quot;:3000,&quot;speed&quot;:500,&quot;rtl&quot;:&quot;false&quot;,&quot;lazyload&quot;:&quot;&quot;}\">\r\n\t\t\t<div id=\"wppsac-post-slider-1\" class=\"wppsac-post-slider-init wppsac-post-slider design-1\">\r\n\t\t\t\t<div class=\"wppsac-post-slides\">\r\n\t<div class=\"wppsac-post-content-position\">\r\n\t\t<div class=\"wppsac-post-content-left wp-medium-8 wpcolumns\">\r\n\t\t\t\t\t\t<div class=\"wppsac-post-categories\"><ul class=\"wppsac-post-categories-list\"><li><a href=\"https:\/\/www.esmualtea.com\/va\/category\/eventos-va\/\">Esdeveniments<\/a><\/li><li><a href=\"https:\/\/www.esmualtea.com\/va\/category\/noticias-va\/\">Noticias<\/a><\/li><\/ul><\/div>\r\n\t\t\t\r\n\t\t\t<h2 class=\"wppsac-post-title\">\r\n\t\t\t\t<a href=\"https:\/\/www.esmualtea.com\/va\/audiciones-1o-trim-25-26\/\">Audicions 1r trim. 25\/26<\/a>\r\n\t\t\t<\/h2>\r\n\r\n\t\t\t\t\t\t<div class=\"wppsac-post-date\">\r\n\t\t\t\t\t\t\t\t\t<span>By sfaltea.com-admin<\/span>\r\n\t\t\t\t \/ 8 December, 2025\t\t\t<\/div>\r\n\t\t\t\t\t\t<div class=\"wppsac-post-content\">\r\n\t\t\t\t<div class=\"wppsac-sub-content\">PROGRAMA GRAL. \/ CARTELLPrograma 9-12-2025Programa 10-12-2025Programa 11-12-2025Programa 12-12-2025Programa 15-12-2025<\/div>\r\n\t\t\t\t\r\n\t\t\t\t\t\t\t\t<a class=\"wppsac-readmorebtn\" href=\"https:\/\/www.esmualtea.com\/va\/audiciones-1o-trim-25-26\/\">Read More<\/a>\r\n\t\t\t\t\t\t\t<\/div>\r\n\t\t\t\t\t<\/div>\r\n\t\t<div class=\"wppsac-post-image-bg\">\r\n\t\t\t<a href=\"https:\/\/www.esmualtea.com\/va\/audiciones-1o-trim-25-26\/\">\r\n\t\t\t\t\t\t\t\t<img decoding=\"async\" class=\"wppsac-post-image\"  src=\"https:\/\/www.esmualtea.com\/wp-content\/uploads\/2025\/12\/251205CartellAudicions1Trim-scaled.jpg\" alt=\"Audicions 1r trim. 25\/26\" \/>\r\n\t\t\t\t\t\t\t<\/a>\r\n\t\t<\/div>\r\n\t<\/div>\r\n<\/div><div class=\"wppsac-post-slides\">\r\n\t<div class=\"wppsac-post-content-position\">\r\n\t\t<div class=\"wppsac-post-content-left wp-medium-8 wpcolumns\">\r\n\t\t\t\t\t\t<div class=\"wppsac-post-categories\"><ul class=\"wppsac-post-categories-list\"><li><a href=\"https:\/\/www.esmualtea.com\/va\/category\/eventos-va\/\">Esdeveniments<\/a><\/li><li><a href=\"https:\/\/www.esmualtea.com\/va\/category\/noticias-va\/\">Noticias<\/a><\/li><\/ul><\/div>\r\n\t\t\t\r\n\t\t\t<h2 class=\"wppsac-post-title\">\r\n\t\t\t\t<a href=\"https:\/\/www.esmualtea.com\/va\/audiciones-3o-trim-23-24\/\">Audicions 3r trim. 23\/24<\/a>\r\n\t\t\t<\/h2>\r\n\r\n\t\t\t\t\t\t<div class=\"wppsac-post-date\">\r\n\t\t\t\t\t\t\t\t\t<span>By sfaltea.com-admin<\/span>\r\n\t\t\t\t \/ 3 June, 2024\t\t\t<\/div>\r\n\t\t\t\t\t\t<div class=\"wppsac-post-content\">\r\n\t\t\t\t<div class=\"wppsac-sub-content\">CARTELL PROGRAMA 10-06-2024 PROGRAMA 11-03-2024 PROGRAMA 12-06-2024 PROGRAMA 13-06-2024 PROGRAMA 27-06-2024 pr\u00f2ximament la resta...<\/div>\r\n\t\t\t\t\r\n\t\t\t\t\t\t\t\t<a class=\"wppsac-readmorebtn\" href=\"https:\/\/www.esmualtea.com\/va\/audiciones-3o-trim-23-24\/\">Read More<\/a>\r\n\t\t\t\t\t\t\t<\/div>\r\n\t\t\t\t\t<\/div>\r\n\t\t<div class=\"wppsac-post-image-bg\">\r\n\t\t\t<a href=\"https:\/\/www.esmualtea.com\/va\/audiciones-3o-trim-23-24\/\">\r\n\t\t\t\t\t\t\t\t<img decoding=\"async\" class=\"wppsac-post-image\"  src=\"https:\/\/www.esmualtea.com\/wp-content\/uploads\/2024\/06\/Audicions3rTrim20232024EsMuAltea.jpg\" alt=\"Audicions 3r trim. 23\/24\" \/>\r\n\t\t\t\t\t\t\t<\/a>\r\n\t\t<\/div>\r\n\t<\/div>\r\n<\/div><div class=\"wppsac-post-slides\">\r\n\t<div class=\"wppsac-post-content-position\">\r\n\t\t<div class=\"wppsac-post-content-left wp-medium-8 wpcolumns\">\r\n\t\t\t\t\t\t<div class=\"wppsac-post-categories\"><ul class=\"wppsac-post-categories-list\"><li><a href=\"https:\/\/www.esmualtea.com\/va\/category\/eventos-va\/\">Esdeveniments<\/a><\/li><li><a href=\"https:\/\/www.esmualtea.com\/va\/category\/noticias-va\/\">Noticias<\/a><\/li><\/ul><\/div>\r\n\t\t\t\r\n\t\t\t<h2 class=\"wppsac-post-title\">\r\n\t\t\t\t<a href=\"https:\/\/www.esmualtea.com\/va\/concierto-festival-de-bandas-juveniles-escuelas-altea-y-alfaz-del-pi\/\">Concert-Festival de Bandes Juveniles escoles Altea i l&#8217;Alf\u00e0s del Pi<\/a>\r\n\t\t\t<\/h2>\r\n\r\n\t\t\t\t\t\t<div class=\"wppsac-post-date\">\r\n\t\t\t\t\t\t\t\t\t<span>By sfaltea.com-admin<\/span>\r\n\t\t\t\t \/ 16 March, 2024\t\t\t<\/div>\r\n\t\t\t\t\t\t<div class=\"wppsac-post-content\">\r\n\t\t\t\t<div class=\"wppsac-sub-content\">VEURE CARTELLConcert-Festival de Bandes Juvenils de l'Escola de M\u00fasica i Dansa d'Altea i l'Escola de M\u00fasica de l'Alf\u00e0s del Pi23-mar\u00e7-2024...<\/div>\r\n\t\t\t\t\r\n\t\t\t\t\t\t\t\t<a class=\"wppsac-readmorebtn\" href=\"https:\/\/www.esmualtea.com\/va\/concierto-festival-de-bandas-juveniles-escuelas-altea-y-alfaz-del-pi\/\">Read More<\/a>\r\n\t\t\t\t\t\t\t<\/div>\r\n\t\t\t\t\t<\/div>\r\n\t\t<div class=\"wppsac-post-image-bg\">\r\n\t\t\t<a href=\"https:\/\/www.esmualtea.com\/va\/concierto-festival-de-bandas-juveniles-escuelas-altea-y-alfaz-del-pi\/\">\r\n\t\t\t\t\t\t\t\t<img decoding=\"async\" class=\"wppsac-post-image\"  src=\"https:\/\/www.esmualtea.com\/wp-content\/uploads\/2024\/03\/ConcertIntercanviEsmualteaAlfaz_20240324_Cartell-01.jpg\" alt=\"Concert-Festival de Bandes Juveniles escoles Altea i l&#8217;Alf\u00e0s del Pi\" \/>\r\n\t\t\t\t\t\t\t<\/a>\r\n\t\t<\/div>\r\n\t<\/div>\r\n<\/div><div class=\"wppsac-post-slides\">\r\n\t<div class=\"wppsac-post-content-position\">\r\n\t\t<div class=\"wppsac-post-content-left wp-medium-8 wpcolumns\">\r\n\t\t\t\t\t\t<div class=\"wppsac-post-categories\"><ul class=\"wppsac-post-categories-list\"><li><a href=\"https:\/\/www.esmualtea.com\/va\/category\/eventos-va\/\">Esdeveniments<\/a><\/li><li><a href=\"https:\/\/www.esmualtea.com\/va\/category\/noticias-va\/\">Noticias<\/a><\/li><\/ul><\/div>\r\n\t\t\t\r\n\t\t\t<h2 class=\"wppsac-post-title\">\r\n\t\t\t\t<a href=\"https:\/\/www.esmualtea.com\/va\/audiciones-2o-trim-23-24\/\">Audicions 2\u00ba trim. 23\/24<\/a>\r\n\t\t\t<\/h2>\r\n\r\n\t\t\t\t\t\t<div class=\"wppsac-post-date\">\r\n\t\t\t\t\t\t\t\t\t<span>By sfaltea.com-admin<\/span>\r\n\t\t\t\t \/ 9 March, 2024\t\t\t<\/div>\r\n\t\t\t\t\t\t<div class=\"wppsac-post-content\">\r\n\t\t\t\t<div class=\"wppsac-sub-content\">CARTELLPROGRAMA 11-03-2024PROGRAMA 12-03-2024PROGRAMA 13-03-2024PROGRAMA 14-03-2024\u00a0PROGRAMA 15-03-2024PROGRAMA 20-03-2024PROGRAMA 22-03-2024<\/div>\r\n\t\t\t\t\r\n\t\t\t\t\t\t\t\t<a class=\"wppsac-readmorebtn\" href=\"https:\/\/www.esmualtea.com\/va\/audiciones-2o-trim-23-24\/\">Read More<\/a>\r\n\t\t\t\t\t\t\t<\/div>\r\n\t\t\t\t\t<\/div>\r\n\t\t<div class=\"wppsac-post-image-bg\">\r\n\t\t\t<a href=\"https:\/\/www.esmualtea.com\/va\/audiciones-2o-trim-23-24\/\">\r\n\t\t\t\t\t\t\t\t<img decoding=\"async\" class=\"wppsac-post-image\"  src=\"https:\/\/www.esmualtea.com\/wp-content\/uploads\/2024\/03\/240308CartellAudicions2Trim.jpg\" alt=\"Audicions 2\u00ba trim. 23\/24\" \/>\r\n\t\t\t\t\t\t\t<\/a>\r\n\t\t<\/div>\r\n\t<\/div>\r\n<\/div><div class=\"wppsac-post-slides\">\r\n\t<div class=\"wppsac-post-content-position\">\r\n\t\t<div class=\"wppsac-post-content-left wp-medium-8 wpcolumns\">\r\n\t\t\t\t\t\t<div class=\"wppsac-post-categories\"><ul class=\"wppsac-post-categories-list\"><li><a href=\"https:\/\/www.esmualtea.com\/va\/category\/eventos-va\/\">Esdeveniments<\/a><\/li><li><a href=\"https:\/\/www.esmualtea.com\/va\/category\/noticias-va\/\">Noticias<\/a><\/li><\/ul><\/div>\r\n\t\t\t\r\n\t\t\t<h2 class=\"wppsac-post-title\">\r\n\t\t\t\t<a href=\"https:\/\/www.esmualtea.com\/va\/audiciones-1o-trim-23-24\/\">Audicions 1r trim. 23\/24<\/a>\r\n\t\t\t<\/h2>\r\n\r\n\t\t\t\t\t\t<div class=\"wppsac-post-date\">\r\n\t\t\t\t\t\t\t\t\t<span>By sfaltea.com-admin<\/span>\r\n\t\t\t\t \/ 7 December, 2023\t\t\t<\/div>\r\n\t\t\t\t\t\t<div class=\"wppsac-post-content\">\r\n\t\t\t\t<div class=\"wppsac-sub-content\">CARTELLPrograma 11-12-2023Programa 12-12-2023Programa 13-12-2023Programa 14-12-2023<\/div>\r\n\t\t\t\t\r\n\t\t\t\t\t\t\t\t<a class=\"wppsac-readmorebtn\" href=\"https:\/\/www.esmualtea.com\/va\/audiciones-1o-trim-23-24\/\">Read More<\/a>\r\n\t\t\t\t\t\t\t<\/div>\r\n\t\t\t\t\t<\/div>\r\n\t\t<div class=\"wppsac-post-image-bg\">\r\n\t\t\t<a href=\"https:\/\/www.esmualtea.com\/va\/audiciones-1o-trim-23-24\/\">\r\n\t\t\t\t\t\t\t\t<img decoding=\"async\" class=\"wppsac-post-image\"  src=\"https:\/\/www.esmualtea.com\/wp-content\/uploads\/2023\/12\/231207CartellAudicions1Trim.jpg\" alt=\"Audicions 1r trim. 23\/24\" \/>\r\n\t\t\t\t\t\t\t<\/a>\r\n\t\t<\/div>\r\n\t<\/div>\r\n<\/div><div class=\"wppsac-post-slides\">\r\n\t<div class=\"wppsac-post-content-position\">\r\n\t\t<div class=\"wppsac-post-content-left wp-medium-8 wpcolumns\">\r\n\t\t\t\t\t\t<div class=\"wppsac-post-categories\"><ul class=\"wppsac-post-categories-list\"><li><a href=\"https:\/\/www.esmualtea.com\/va\/category\/eventos-va\/\">Esdeveniments<\/a><\/li><li><a href=\"https:\/\/www.esmualtea.com\/va\/category\/noticias-va\/\">Noticias<\/a><\/li><\/ul><\/div>\r\n\t\t\t\r\n\t\t\t<h2 class=\"wppsac-post-title\">\r\n\t\t\t\t<a href=\"https:\/\/www.esmualtea.com\/va\/audiciones-2o-trim-22-23\/\">Audicions 2n trim. 22\/23<\/a>\r\n\t\t\t<\/h2>\r\n\r\n\t\t\t\t\t\t<div class=\"wppsac-post-date\">\r\n\t\t\t\t\t\t\t\t\t<span>By sfaltea.com-admin<\/span>\r\n\t\t\t\t \/ 27 March, 2023\t\t\t<\/div>\r\n\t\t\t\t\t\t<div class=\"wppsac-post-content\">\r\n\t\t\t\t<div class=\"wppsac-sub-content\">CARTELLPrograma 27-03-2023Programa 28-03-2023Programa 29-03-2023Programa 30-03-2023Programa 31-03-2023Programa 31-03-2023<\/div>\r\n\t\t\t\t\r\n\t\t\t\t\t\t\t\t<a class=\"wppsac-readmorebtn\" href=\"https:\/\/www.esmualtea.com\/va\/audiciones-2o-trim-22-23\/\">Read More<\/a>\r\n\t\t\t\t\t\t\t<\/div>\r\n\t\t\t\t\t<\/div>\r\n\t\t<div class=\"wppsac-post-image-bg\">\r\n\t\t\t<a href=\"https:\/\/www.esmualtea.com\/va\/audiciones-2o-trim-22-23\/\">\r\n\t\t\t\t\t\t\t\t<img decoding=\"async\" class=\"wppsac-post-image\"  src=\"https:\/\/www.esmualtea.com\/wp-content\/uploads\/2023\/03\/230322CartellAudicions2Trim.jpg\" alt=\"Audicions 2n trim. 22\/23\" \/>\r\n\t\t\t\t\t\t\t<\/a>\r\n\t\t<\/div>\r\n\t<\/div>\r\n<\/div><div class=\"wppsac-post-slides\">\r\n\t<div class=\"wppsac-post-content-position\">\r\n\t\t<div class=\"wppsac-post-content-left wp-medium-8 wpcolumns\">\r\n\t\t\t\t\t\t<div class=\"wppsac-post-categories\"><ul class=\"wppsac-post-categories-list\"><li><a href=\"https:\/\/www.esmualtea.com\/va\/category\/eventos-va\/\">Esdeveniments<\/a><\/li><li><a href=\"https:\/\/www.esmualtea.com\/va\/category\/noticias-va\/\">Noticias<\/a><\/li><\/ul><\/div>\r\n\t\t\t\r\n\t\t\t<h2 class=\"wppsac-post-title\">\r\n\t\t\t\t<a href=\"https:\/\/www.esmualtea.com\/va\/audiciones-1o-trim-22-23\/\">Audiciones 1\u00ba trim. 22\/23<\/a>\r\n\t\t\t<\/h2>\r\n\r\n\t\t\t\t\t\t<div class=\"wppsac-post-date\">\r\n\t\t\t\t\t\t\t\t\t<span>By sfaltea.com-admin<\/span>\r\n\t\t\t\t \/ 8 December, 2022\t\t\t<\/div>\r\n\t\t\t\t\t\t<div class=\"wppsac-post-content\">\r\n\t\t\t\t<div class=\"wppsac-sub-content\">CARTELLPrograma 13-12-2022Programa 14-12-2022Programa 15-12-2022Programa 17-12-2022 (pr\u00f2ximament)Programa 21-12-2022 (pr\u00f2ximament)Programa 23-12-2022 (pr\u00f2ximament)<\/div>\r\n\t\t\t\t\r\n\t\t\t\t\t\t\t\t<a class=\"wppsac-readmorebtn\" href=\"https:\/\/www.esmualtea.com\/va\/audiciones-1o-trim-22-23\/\">Read More<\/a>\r\n\t\t\t\t\t\t\t<\/div>\r\n\t\t\t\t\t<\/div>\r\n\t\t<div class=\"wppsac-post-image-bg\">\r\n\t\t\t<a href=\"https:\/\/www.esmualtea.com\/va\/audiciones-1o-trim-22-23\/\">\r\n\t\t\t\t\t\t\t\t<img decoding=\"async\" class=\"wppsac-post-image\"  src=\"https:\/\/www.esmualtea.com\/wp-content\/uploads\/2022\/12\/221208CartellAudicions1Trim.jpg\" alt=\"Audiciones 1\u00ba trim. 22\/23\" \/>\r\n\t\t\t\t\t\t\t<\/a>\r\n\t\t<\/div>\r\n\t<\/div>\r\n<\/div><div class=\"wppsac-post-slides\">\r\n\t<div class=\"wppsac-post-content-position\">\r\n\t\t<div class=\"wppsac-post-content-left wp-medium-8 wpcolumns\">\r\n\t\t\t\t\t\t<div class=\"wppsac-post-categories\"><ul class=\"wppsac-post-categories-list\"><li><a href=\"https:\/\/www.esmualtea.com\/va\/category\/eventos-va\/\">Esdeveniments<\/a><\/li><li><a href=\"https:\/\/www.esmualtea.com\/va\/category\/noticias-va\/\">Noticias<\/a><\/li><\/ul><\/div>\r\n\t\t\t\r\n\t\t\t<h2 class=\"wppsac-post-title\">\r\n\t\t\t\t<a href=\"https:\/\/www.esmualtea.com\/va\/audiciones-3o-trimestre-21-22\/\">Audicions 3r trimestre 21\/22<\/a>\r\n\t\t\t<\/h2>\r\n\r\n\t\t\t\t\t\t<div class=\"wppsac-post-date\">\r\n\t\t\t\t\t\t\t\t\t<span>By sfaltea.com-admin<\/span>\r\n\t\t\t\t \/ 27 May, 2022\t\t\t<\/div>\r\n\t\t\t\t\t\t<div class=\"wppsac-post-content\">\r\n\t\t\t\t<div class=\"wppsac-sub-content\">PROGRAMES DE M\u00c0 \u00b7 Programa 27-05-2022 \u00b7 Programa 11-06-2022 \u00b7 Programa 13-06-2022 \u00b7 Programa 14-06-2022 \u00b7 Programa 15-06-2022 \u00b7 Programa...<\/div>\r\n\t\t\t\t\r\n\t\t\t\t\t\t\t\t<a class=\"wppsac-readmorebtn\" href=\"https:\/\/www.esmualtea.com\/va\/audiciones-3o-trimestre-21-22\/\">Read More<\/a>\r\n\t\t\t\t\t\t\t<\/div>\r\n\t\t\t\t\t<\/div>\r\n\t\t<div class=\"wppsac-post-image-bg\">\r\n\t\t\t<a href=\"https:\/\/www.esmualtea.com\/va\/audiciones-3o-trimestre-21-22\/\">\r\n\t\t\t\t\t\t\t\t<img decoding=\"async\" class=\"wppsac-post-image\"  src=\"https:\/\/www.esmualtea.com\/wp-content\/uploads\/2022\/05\/39875553_10156534622055903_5171470546591809536_n_10156534622040903.jpg\" alt=\"Audicions 3r trimestre 21\/22\" \/>\r\n\t\t\t\t\t\t\t<\/a>\r\n\t\t<\/div>\r\n\t<\/div>\r\n<\/div><div class=\"wppsac-post-slides\">\r\n\t<div class=\"wppsac-post-content-position\">\r\n\t\t<div class=\"wppsac-post-content-left wp-medium-8 wpcolumns\">\r\n\t\t\t\t\t\t<div class=\"wppsac-post-categories\"><ul class=\"wppsac-post-categories-list\"><li><a href=\"https:\/\/www.esmualtea.com\/va\/category\/eventos-va\/\">Esdeveniments<\/a><\/li><\/ul><\/div>\r\n\t\t\t\r\n\t\t\t<h2 class=\"wppsac-post-title\">\r\n\t\t\t\t<a href=\"https:\/\/www.esmualtea.com\/va\/audiciones-2n-trim-21-22\/\">Audicions 2n trim. 21\/22<\/a>\r\n\t\t\t<\/h2>\r\n\r\n\t\t\t\t\t\t<div class=\"wppsac-post-date\">\r\n\t\t\t\t\t\t\t\t\t<span>By sfaltea.com-admin<\/span>\r\n\t\t\t\t \/ 27 March, 2022\t\t\t<\/div>\r\n\t\t\t\t\t\t<div class=\"wppsac-post-content\">\r\n\t\t\t\t<div class=\"wppsac-sub-content\">&nbsp; PROGRAMA DE M\u00c0 DE LES AUDICIONS: AUDICI\u00d3 ALUMNES DE FLAUTA i PIANO (Isa) Dilluns, 4 d\u2019abril de 2022 \u00b7...<\/div>\r\n\t\t\t\t\r\n\t\t\t\t\t\t\t\t<a class=\"wppsac-readmorebtn\" href=\"https:\/\/www.esmualtea.com\/va\/audiciones-2n-trim-21-22\/\">Read More<\/a>\r\n\t\t\t\t\t\t\t<\/div>\r\n\t\t\t\t\t<\/div>\r\n\t\t<div class=\"wppsac-post-image-bg\">\r\n\t\t\t<a href=\"https:\/\/www.esmualtea.com\/va\/audiciones-2n-trim-21-22\/\">\r\n\t\t\t\t\t\t\t\t<img decoding=\"async\" class=\"wppsac-post-image\"  src=\"https:\/\/www.esmualtea.com\/wp-content\/uploads\/2022\/03\/alumne-piano-isa-audicio-2021-desembre.jpg\" alt=\"Audicions 2n trim. 21\/22\" \/>\r\n\t\t\t\t\t\t\t<\/a>\r\n\t\t<\/div>\r\n\t<\/div>\r\n<\/div><div class=\"wppsac-post-slides\">\r\n\t<div class=\"wppsac-post-content-position\">\r\n\t\t<div class=\"wppsac-post-content-left wp-medium-8 wpcolumns\">\r\n\t\t\t\t\t\t<div class=\"wppsac-post-categories\"><ul class=\"wppsac-post-categories-list\"><li><a href=\"https:\/\/www.esmualtea.com\/va\/category\/eventos-va\/\">Esdeveniments<\/a><\/li><li><a href=\"https:\/\/www.esmualtea.com\/va\/category\/noticias-va\/\">Noticias<\/a><\/li><\/ul><\/div>\r\n\t\t\t\r\n\t\t\t<h2 class=\"wppsac-post-title\">\r\n\t\t\t\t<a href=\"https:\/\/www.esmualtea.com\/va\/2a-trobada-alumnes-de-corda-de-les-escoles-de-musica-de-la-marina-baixa\/\">2a Trobada Alumnes de Corda de les Escoles de M\u00fasica de la Marina Baixa\u00a0<\/a>\r\n\t\t\t<\/h2>\r\n\r\n\t\t\t\t\t\t<div class=\"wppsac-post-date\">\r\n\t\t\t\t\t\t\t\t\t<span>By sfaltea.com-admin<\/span>\r\n\t\t\t\t \/ 2 March, 2022\t\t\t<\/div>\r\n\t\t\t\t\t\t<div class=\"wppsac-post-content\">\r\n\t\t\t\t<div class=\"wppsac-sub-content\">12-mar-2022 | 19:00 h | Centre Cultural Altea la Vella Concert 2a Trobada Alumnes de Corda de les Escoles de...<\/div>\r\n\t\t\t\t\r\n\t\t\t\t\t\t\t\t<a class=\"wppsac-readmorebtn\" href=\"https:\/\/www.esmualtea.com\/va\/2a-trobada-alumnes-de-corda-de-les-escoles-de-musica-de-la-marina-baixa\/\">Read More<\/a>\r\n\t\t\t\t\t\t\t<\/div>\r\n\t\t\t\t\t<\/div>\r\n\t\t<div class=\"wppsac-post-image-bg\">\r\n\t\t\t<a href=\"https:\/\/www.esmualtea.com\/va\/2a-trobada-alumnes-de-corda-de-les-escoles-de-musica-de-la-marina-baixa\/\">\r\n\t\t\t\t\t\t\t\t<img decoding=\"async\" class=\"wppsac-post-image\"  src=\"https:\/\/www.esmualtea.com\/wp-content\/uploads\/2022\/03\/2022-03-12-2aTrobadaAlumnesCordaEMMB_12Mar2022_Cartell-01.jpg\" alt=\"2a Trobada Alumnes de Corda de les Escoles de M\u00fasica de la Marina Baixa\u00a0\" \/>\r\n\t\t\t\t\t\t\t<\/a>\r\n\t\t<\/div>\r\n\t<\/div>\r\n<\/div>\t\t\t<\/div>\r\n\t\t<\/div>\r\n\t\n","protected":false},"excerpt":{"rendered":"<p>P\u00e0gina en construcci\u00f3 &nbsp;<\/p>\n","protected":false},"author":1,"featured_media":0,"parent":0,"menu_order":0,"comment_status":"closed","ping_status":"closed","template":"","meta":{"footnotes":""},"_links":{"self":[{"href":"https:\/\/www.esmualtea.com\/va\/wp-json\/wp\/v2\/pages\/2010"}],"collection":[{"href":"https:\/\/www.esmualtea.com\/va\/wp-json\/wp\/v2\/pages"}],"about":[{"href":"https:\/\/www.esmualtea.com\/va\/wp-json\/wp\/v2\/types\/page"}],"author":[{"embeddable":true,"href":"https:\/\/www.esmualtea.com\/va\/wp-json\/wp\/v2\/users\/1"}],"replies":[{"embeddable":true,"href":"https:\/\/www.esmualtea.com\/va\/wp-json\/wp\/v2\/comments?post=2010"}],"version-history":[{"count":4,"href":"https:\/\/www.esmualtea.com\/va\/wp-json\/wp\/v2\/pages\/2010\/revisions"}],"predecessor-version":[{"id":2016,"href":"https:\/\/www.esmualtea.com\/va\/wp-json\/wp\/v2\/pages\/2010\/revisions\/2016"}],"wp:attachment":[{"href":"https:\/\/www.esmualtea.com\/va\/wp-json\/wp\/v2\/media?parent=2010"}],"curies":[{"name":"wp","href":"https:\/\/api.w.org\/{rel}","templated":true}]}}