{"id":1306,"date":"2020-11-13T15:59:52","date_gmt":"2020-11-13T15:59:52","guid":{"rendered":"http:\/\/esmualtea.com\/plan-de-estudios\/"},"modified":"2024-10-07T15:35:02","modified_gmt":"2024-10-07T15:35:02","slug":"plan-de-estudios","status":"publish","type":"page","link":"https:\/\/www.esmualtea.com\/va\/plan-de-estudios\/","title":{"rendered":"Pla d&#8217;estudis"},"content":{"rendered":"<p><img fetchpriority=\"high\" decoding=\"async\" class=\"alignleft wp-image-1263 size-large\" src=\"http:\/\/esmualtea.com\/wp-content\/uploads\/2020\/11\/estructura_sistema_educativo_page-0001-725x1024.jpg\" alt=\"\" width=\"725\" height=\"1024\" srcset=\"https:\/\/www.esmualtea.com\/wp-content\/uploads\/2020\/11\/estructura_sistema_educativo_page-0001-725x1024.jpg 725w, https:\/\/www.esmualtea.com\/wp-content\/uploads\/2020\/11\/estructura_sistema_educativo_page-0001-212x300.jpg 212w, https:\/\/www.esmualtea.com\/wp-content\/uploads\/2020\/11\/estructura_sistema_educativo_page-0001-768x1085.jpg 768w, https:\/\/www.esmualtea.com\/wp-content\/uploads\/2020\/11\/estructura_sistema_educativo_page-0001-1087x1536.jpg 1087w, https:\/\/www.esmualtea.com\/wp-content\/uploads\/2020\/11\/estructura_sistema_educativo_page-0001.jpg 1241w\" sizes=\"(max-width: 725px) 100vw, 725px\" \/><\/p>\n<p><strong>SENSIBILITZACI\u00d3 MUSICAL (beb\u00e9s 6-20 mesos)<\/strong><br \/>\n<a href=\"http:\/\/esmualtea.com\/va\/services\/iniciacion\/\">M\u00e9s\u00a0info<\/a><\/p>\n<p><strong>MUSIBEBES<\/strong><br \/>\nDESCRIPCI\u00d3: Classes de sensibilitzaci\u00f3 musical nom\u00e9s per a beus de 2 anys*. <a href=\"http:\/\/esmualtea.com\/va\/services\/iniciacion\/\">+info<\/a>.<br \/>\nDURACI\u00d3: 2 sessions setmanals de 45 min. D&#8217;octubre a juny.<\/p>\n<p><strong>JARD\u00cd MUSICAL<\/strong><br \/>\nEDAT: De 3 a 7 anys*. <a href=\"http:\/\/esmualtea.com\/va\/services\/iniciacion\/\">+info<\/a>.<br \/>\nCONSULTAR PROGRAMA I CONTINGUTS.<\/p>\n<p><strong>INICIACI\u00d3 A la DANSA<\/strong><br \/>\nDESCRIPCI\u00d3: Classes d&#8217;iniciaci\u00f3 a la dansa a trav\u00e9s de t\u00e8cniques i fonaments b\u00e0sics de la dansa cl\u00e0ssica, moderna i espanyola. <a href=\"http:\/\/esmualtea.com\/va\/services\/danza\/\">+info<\/a>.<br \/>\nEDAT: De 5 a 7 anys ()<br \/>\nDURACI\u00d3: 2 sessions setmanals de 45 min. D&#8217;octubre a juny.<\/p>\n<p><strong>GRAU ELEMENTAL DE M\u00daSICA<\/strong><br \/>\nDESCRIPCI\u00d3: Programa d&#8217;ensenyament elemental de m\u00fasica. <a href=\"http:\/\/esmualtea.com\/va\/services\/elemental\/\">+info<\/a>.<br \/>\nASSIGNATURES I DURACI\u00d3: D&#8217;octubre a juny.<br \/>\n\u00b7 1r: solfeig (2 h setmanals) + instrument (30 m setmanals)<br \/>\n\u00b7 2n: solfeig (2 h setmanals) + instrument (30 m setmanals)<br \/>\n\u00b7 3r: solfeig (2 h setmanals) + instrument (45 m setmanals) + banda iniciaci\u00f3<br \/>\n\u00b7 4t: solfeig (3 h setmanals) + instrument (45 m setmanals) + banda iniciaci\u00f3<br \/>\nACC\u00c9S: Es podr\u00e0 accedir a 1r amb una edat m\u00ednima de 8 anys*. Es podr\u00e0 accedir a qualsevol dels restants cursos mitjan\u00e7ant certificaci\u00f3 acad\u00e8mica d&#8217;haver superat el curs anterior en qualsevol altre centre nacional i haur\u00e0 de tindre una edat m\u00ednima de 9 anys* per a 2n, 10 anys* per a 3r i 11 anys* per a 4t.<\/p>\n<p><strong>GRAU ELEMENTAL DE DANSA<\/strong><br \/>\nDESCRIPCI\u00d3: Programa d&#8217;ensenyament elemental de dansa.<br \/>\nASSIGNATURES:<br \/>\n\u00b7 1r: cl\u00e0ssica (2h\/*sem)\u00a0+ moderna (1h\/*sem)\u00a0+ espanyola (1h\/*sem)<br \/>\n\u00b7 2n: cl\u00e0ssica (2h\/*sem)\u00a0+ moderna (1h\/*sem)\u00a0+ espanyola (1h\/*sem)<br \/>\n\u00b7 3r: consultar&#8230;<br \/>\n\u00b7 4t: consultar&#8230;<br \/>\nACC\u00c9S: Es podr\u00e0 accedir a 1r amb una edat m\u00ednima de 8 anys*. Es podr\u00e0 accedir a qualsevol dels restants cursos mitjan\u00e7ant certificaci\u00f3 acad\u00e8mica d&#8217;haver superat el curs anterior en qualsevol altre centre nacional i haur\u00e0 de tindre una edat m\u00ednima de 9 anys* per a 2n, 10 anys* per a 3r i 11 anys* per a 4t. <a href=\"http:\/\/esmualtea.com\/va\/services\/danza\/\">+info<\/a>.<\/p>\n<p style=\"text-align: right;\"><strong>A partir de 12 ANYS<\/strong><br \/>\nCursos especialitzats de m\u00fasica\/dansa en r\u00e8gim d&#8217;ensenyament lliure. <a href=\"http:\/\/esmualtea.com\/va\/services\/danza\/\">+info<\/a>.<\/p>\n<p style=\"text-align: right;\"><span style=\"color: #ff0000;\">*<\/span> Las edades indicadas deben cumplirse dentro del a\u00f1o natural (entre el 1 de enero al 31 de diciembre) del que empieza el curso.<\/p>\n<p>&nbsp;<\/p>\n<p style=\"text-align: center;\">Exemple: Per a la matriculaci\u00f3 en el curs 2024\/25 d&#8217;un xiquet que t\u00e9 7 anys, per\u00f2 compleix els 8 anys abans de l&#8217;01\/01\/2025, es considerar\u00e0 que t\u00e9 8 ANYS. Per\u00f2 si el xiquet compleix els 8 anys des de l&#8217;01\/01\/2025, malgrat que \u00e9s el mateix curs escolar, es considerar\u00e0 que t\u00e9 7 ANYS.<\/p>\n","protected":false},"excerpt":{"rendered":"<p>SENSIBILITZACI\u00d3 MUSICAL (beb\u00e9s 6-20 mesos) M\u00e9s\u00a0info MUSIBEBES DESCRIPCI\u00d3: Classes de sensibilitzaci\u00f3 musical nom\u00e9s per a beus de 2 anys*. +info. DURACI\u00d3: 2 sessions setmanals de 45 min. D&#8217;octubre a juny. JARD\u00cd MUSICAL EDAT: De 3 a 7 anys*. +info. CONSULTAR PROGRAMA I CONTINGUTS. INICIACI\u00d3 A la DANSA DESCRIPCI\u00d3: Classes d&#8217;iniciaci\u00f3 a la dansa a trav\u00e9s [&hellip;]<\/p>\n","protected":false},"author":1,"featured_media":0,"parent":0,"menu_order":0,"comment_status":"closed","ping_status":"closed","template":"","meta":{"footnotes":""},"_links":{"self":[{"href":"https:\/\/www.esmualtea.com\/va\/wp-json\/wp\/v2\/pages\/1306"}],"collection":[{"href":"https:\/\/www.esmualtea.com\/va\/wp-json\/wp\/v2\/pages"}],"about":[{"href":"https:\/\/www.esmualtea.com\/va\/wp-json\/wp\/v2\/types\/page"}],"author":[{"embeddable":true,"href":"https:\/\/www.esmualtea.com\/va\/wp-json\/wp\/v2\/users\/1"}],"replies":[{"embeddable":true,"href":"https:\/\/www.esmualtea.com\/va\/wp-json\/wp\/v2\/comments?post=1306"}],"version-history":[{"count":6,"href":"https:\/\/www.esmualtea.com\/va\/wp-json\/wp\/v2\/pages\/1306\/revisions"}],"predecessor-version":[{"id":9493,"href":"https:\/\/www.esmualtea.com\/va\/wp-json\/wp\/v2\/pages\/1306\/revisions\/9493"}],"wp:attachment":[{"href":"https:\/\/www.esmualtea.com\/va\/wp-json\/wp\/v2\/media?parent=1306"}],"curies":[{"name":"wp","href":"https:\/\/api.w.org\/{rel}","templated":true}]}}