{"id":1196,"date":"2020-11-09T11:31:23","date_gmt":"2020-11-09T11:31:23","guid":{"rendered":"http:\/\/esmualtea.com?page_id=1196"},"modified":"2023-05-24T16:10:20","modified_gmt":"2023-05-24T16:10:20","slug":"contacto","status":"publish","type":"page","link":"https:\/\/www.esmualtea.com\/va\/contacto\/","title":{"rendered":"Contacte"},"content":{"rendered":"<h2 style=\"text-align: center;\"><em>Contacte<\/em><\/h2>\n<p style=\"text-align: center;\">C\/ Filharm\u00f2nica, 12 (antic carrer Enginyer Mu\u00f1oz)<br \/>\nApt. de Correus 474<br \/>\n03590 Altea (Alacant) &#8211; Espanya<\/p>\n<p style=\"text-align: center;\">Tel\u00e8fon : (+34) 96 584 44 99<\/p>\n<p style=\"text-align: center;\">M\u00f2bil\/WhatsApp\/SMS: (+34) 629 854 888<\/p>\n<p><img decoding=\"async\" class=\"size-full wp-image-4713 aligncenter\" src=\"http:\/\/esmualtea.com\/wp-content\/uploads\/2021\/08\/secrt.png\" alt=\"\" width=\"250\" height=\"35\" \/><a href=\"https:\/\/www.facebook.com\/EsMuAltea\"><img decoding=\"async\" class=\"aligncenter wp-image-7557\" src=\"http:\/\/esmualtea.com\/wp-content\/uploads\/2022\/01\/facebook_icon-icons.com_59205.png\" alt=\"\" width=\"50\" height=\"50\" srcset=\"https:\/\/www.esmualtea.com\/wp-content\/uploads\/2022\/01\/facebook_icon-icons.com_59205.png 512w, https:\/\/www.esmualtea.com\/wp-content\/uploads\/2022\/01\/facebook_icon-icons.com_59205-300x300.png 300w, https:\/\/www.esmualtea.com\/wp-content\/uploads\/2022\/01\/facebook_icon-icons.com_59205-150x150.png 150w\" sizes=\"(max-width: 50px) 100vw, 50px\" \/><\/a><\/p>\n<hr \/>\n<h2 style=\"text-align: center;\"><em>Horari d&#8217;atenci\u00f3 al p\u00fablic<\/em><\/h2>\n<p style=\"text-align: center;\"><strong>\u00a0Dilluns, dimecres i divendres<\/strong><br \/>\n<strong>17:30 &#8211; 19:00 h<br \/>\n<\/strong>(tancat del 16\/jul a 31\/ago)<strong><br \/>\n<\/strong><\/p>\n<p style=\"text-align: center;\">Tamb\u00e9 pot demanar cita en este o altre horari:<\/p>\n<p style=\"text-align: center;\"><a href=\"https:\/\/form.jotform.com\/202625188715054\" target=\"_blank\" rel=\"noopener noreferrer\"><img decoding=\"async\" class=\"alignnone wp-image-1149 size-full\" src=\"http:\/\/esmualtea.com\/wp-content\/uploads\/2020\/11\/cita-previa-1.jpg\" alt=\"\" width=\"300\" height=\"75\" \/><\/a><\/p>\n<hr \/>\n<h2 style=\"text-align: center;\"><em>Oficina Vitual de EsMuAltea (24h disponible)<\/em><\/h2>\n<p style=\"text-align: center;\"><strong>Des de l&#8217;oficina virtual pots realitzar els seg\u00fcents tr\u00e0mits:<\/strong><\/p>\n<p style=\"text-align: center;\">-Matr\u00edcula Online<\/p>\n<p style=\"text-align: center;\">-Modificaci\u00f3 matr\u00edcula<\/p>\n<p style=\"text-align: center;\">-Prefer\u00e8ncies hor\u00e0ries<\/p>\n<p style=\"text-align: center;\">-Canvi de Grups\/Horaris<\/p>\n<p style=\"text-align: center;\">-Baixa\/Baixa temporal<\/p>\n<p style=\"text-align: center;\">-Canvi de forma de pagament<\/p>\n<p style=\"text-align: center;\">-Altres tr\u00e0mits<\/p>\n<p style=\"text-align: center;\"><a href=\"http:\/\/esmualtea.com\/va\/tramites\/\" rel=\"noopener noreferrer\"><img loading=\"lazy\" decoding=\"async\" class=\"aligncenter wp-image-1158 size-full\" src=\"http:\/\/esmualtea.com\/wp-content\/uploads\/2020\/11\/oficina-virtual.jpg\" alt=\"\" width=\"300\" height=\"75\" \/><\/a><\/p>\n<p>&nbsp;<\/p>\n<p>&nbsp;<\/p>\n","protected":false},"excerpt":{"rendered":"<p>Contacte C\/ Filharm\u00f2nica, 12 (antic carrer Enginyer Mu\u00f1oz) Apt. de Correus 474 03590 Altea (Alacant) &#8211; Espanya Tel\u00e8fon : (+34) 96 584 44 99 M\u00f2bil\/WhatsApp\/SMS: (+34) 629 854 888 Horari d&#8217;atenci\u00f3 al p\u00fablic \u00a0Dilluns, dimecres i divendres 17:30 &#8211; 19:00 h (tancat del 16\/jul a 31\/ago) Tamb\u00e9 pot demanar cita en este o altre horari: [&hellip;]<\/p>\n","protected":false},"author":1,"featured_media":0,"parent":0,"menu_order":0,"comment_status":"closed","ping_status":"closed","template":"","meta":{"footnotes":""},"_links":{"self":[{"href":"https:\/\/www.esmualtea.com\/va\/wp-json\/wp\/v2\/pages\/1196"}],"collection":[{"href":"https:\/\/www.esmualtea.com\/va\/wp-json\/wp\/v2\/pages"}],"about":[{"href":"https:\/\/www.esmualtea.com\/va\/wp-json\/wp\/v2\/types\/page"}],"author":[{"embeddable":true,"href":"https:\/\/www.esmualtea.com\/va\/wp-json\/wp\/v2\/users\/1"}],"replies":[{"embeddable":true,"href":"https:\/\/www.esmualtea.com\/va\/wp-json\/wp\/v2\/comments?post=1196"}],"version-history":[{"count":15,"href":"https:\/\/www.esmualtea.com\/va\/wp-json\/wp\/v2\/pages\/1196\/revisions"}],"predecessor-version":[{"id":8398,"href":"https:\/\/www.esmualtea.com\/va\/wp-json\/wp\/v2\/pages\/1196\/revisions\/8398"}],"wp:attachment":[{"href":"https:\/\/www.esmualtea.com\/va\/wp-json\/wp\/v2\/media?parent=1196"}],"curies":[{"name":"wp","href":"https:\/\/api.w.org\/{rel}","templated":true}]}}