{"id":1193,"date":"2020-11-09T10:36:51","date_gmt":"2020-11-09T10:36:51","guid":{"rendered":"http:\/\/esmualtea.com?page_id=1193"},"modified":"2021-08-22T19:26:14","modified_gmt":"2021-08-22T19:26:14","slug":"historia","status":"publish","type":"page","link":"https:\/\/www.esmualtea.com\/va\/historia\/","title":{"rendered":"Hist\u00f2ria"},"content":{"rendered":"\r\n<p><img decoding=\"async\" class=\"wp-image-1117 alignright\" style=\"width: 239px;\" src=\"http:\/\/esmualtea.com\/wp-content\/uploads\/2020\/11\/esmualtea.jpg\" alt=\"\" height=\"186\" \/><em><strong>Una Escola amb molta hist\u00f2ria&#8230;<\/strong><\/em><br \/><br \/>Els or\u00edgens de l&#8217;Escola de M\u00fasica queden units als de la Societat Filharm\u00f2nica Alteanense que en 1889 realitza la seua primera actuaci\u00f3 p\u00fablica. Des dels inicis l&#8217;entitat ha impartit les ensenyances de solfeig i instrument a aquells educands que despr\u00e9s formarien part de la banda de m\u00fasica d&#8217;Altea.<br \/><br \/>No obstant aix\u00f2, \u00e9s en 1915 quan la banda de m\u00fasica cobra especial import\u00e0ncia, es constitu\u00efx oficialment amb el nom de Societat Filharm\u00f2nica Alteanense i s&#8217;aproven els primers estatuts de l&#8217;entitat, especificant, entre altres punts, la forma d&#8217;acc\u00e9s i normes generals de la seua escola d&#8217;educands.<br \/><br \/>Nombrosos professors i directors han passat per l&#8217;Escola al llarg de la seua exist\u00e8ncia, per\u00f2 va ser sota la direcci\u00f3 de D. Francisco P\u00e9rez Devesa quan l&#8217;escola patix un canvi important, perqu\u00e8 el 1970 l&#8217;escola d&#8217;educands, en aquell temps denominada &#8220;Benjam\u00edn Palencia&#8221;, adquirix import\u00e0ncia en l&#8217;educaci\u00f3 musical de la prov\u00edncia, instaurant aix\u00ed la base de l&#8217;ensenyan\u00e7a musical reglada en la nostra poblaci\u00f3.<br \/><br \/>D\u00edhuit anys m\u00e9s tard, en 1988, l&#8217;escola patix un nou canvi rellevant, ara sota la direcci\u00f3 de Jes\u00fas Juan Oriola, l&#8217;escola passa a ser un Centre Reconegut de Grau Elemental per la Conselleria d&#8217;Educaci\u00f3 i dependent del Conservatori Superior Oscar Espl\u00e1 d&#8217;Alacant.<br \/><br \/>A pesar dels \u00e8xits i avan\u00e7os aconseguits quant a l&#8217;educaci\u00f3 musical de la nostra localitat, la Filharm\u00f2nica busca un nou objectiu, que tracta d&#8217;obtindre les ensenyances de Grau Mitj\u00e0 per a Altea. \u00c9s doncs, en 1997, quan la Filharm\u00f2nica aconseguix finalment la constituci\u00f3 del Conservatori de Grau Mitj\u00e0 d&#8217;Altea, patrocinat per l&#8217;Ajuntament d&#8217;Altea, que inicia el seu primer curs acad\u00e8mic 1997\/98.<br \/><br \/>Durant diversos cursos acad\u00e8mics, el nou Conservatori i la Filharm\u00f2nica Alteanense continuen convivint junts, compartint tasques i instal\u00b7lacions en el mateix edifici del carrer de la Filharm\u00f2nica, per\u00f2 per motius d&#8217;espai, en 2003 se separen, traslladant el Conservatori a l&#8217;edifici de l&#8217;antic grup escolar.<\/p>\r\n<p><img fetchpriority=\"high\" decoding=\"async\" class=\" wp-image-1130 alignright\" src=\"http:\/\/esmualtea.com\/wp-content\/uploads\/2020\/11\/sfaesmualtea-300x225.jpg\" alt=\"\" width=\"313\" height=\"235\" srcset=\"https:\/\/www.esmualtea.com\/wp-content\/uploads\/2020\/11\/sfaesmualtea-300x225.jpg 300w, https:\/\/www.esmualtea.com\/wp-content\/uploads\/2020\/11\/sfaesmualtea.jpg 640w\" sizes=\"(max-width: 313px) 100vw, 313px\" \/><\/p>\r\n\r\n\r\n\r\n<p><em><strong>L&#8217;Escola en l&#8217;actualitat<\/strong><\/em><br \/><br \/>En 2005 l&#8217;escola de la Filharm\u00f2nica recobra un nou impuls degut a la gran demanda i \u00e9s quan, davall el nom d&#8217;Escola de M\u00fasica i Dansa d&#8217;Altea (EsMuAltea), i amb una nova concessi\u00f3 de la Conselleria d&#8217;Educaci\u00f3 de la Generalitat Valenciana com a centre reconegut per a ensenyances elementals, l&#8217;escola s&#8217;especialitza, a m\u00e9s de l&#8217;ensenyan\u00e7a elemental de m\u00fasica, en l&#8217;ensenyan\u00e7a elemental de dansa, aix\u00ed com en jard\u00ed musical. Aix\u00ed mateix, a part de les especialitats instrumentals habituals, l&#8217;escola ha anat afegint progressivament en la seua oferta educativa aquelles especialitats inexistents en el Conservatori i demandades per l\u2019alumnat, com ara fagot, band\u00farria, lla\u00fct, mandolina, contrabaix, dol\u00e7aina i tambor\u00ed.<br \/><br \/>Com no, l\u2019objectiu principal de l\u2019Escola \u00e9s atendre l\u2019amplia demanda musical amb la finalitat de despertar vocacions i aptituds que desemboquen en el desenvolupament personal i musical i, si \u00e9s procedent, en l\u2019acc\u00e9s a les agrupacions existents en la Filharm\u00f2nica o de nova creaci\u00f3.<br \/><br \/>En l&#8217;actualitat, l&#8217;Escola compta amb m\u00e9s de 25 especialitats i 24 professors per a impartir classe als m\u00e9s de 320 alumnes de mitjana que es troben matriculats en el centre, distribu\u00efts entre tots les modalitats d&#8217;ensenyan\u00e7a (m\u00fasica, dansa i iniciaci\u00f3).<br \/><br \/>La Societat Filharm\u00f2nica Alteanense pot sentir-se satisfeta de tots els \u00e8xits i fruits obtinguts, perqu\u00e8 nombrosos alumnes de l&#8217;escola de la Filharm\u00f2nica estan actualment en importants llocs nacionals i internacionals, i incl\u00fas la pr\u00e0ctica totalitat del professorat del Conservatori d&#8217;Altea van ser alumnes de l&#8217;escola de la Filharm\u00f2nica.<\/p>\r\n<p><em><strong>Un repunt hist\u00f2ric sobre les diverses ubicacions que ha tingut l&#8217;Escola&#8230;<\/strong><\/em><br \/><br \/>Durant els seus m\u00e9s de cent anys d&#8217;exist\u00e8ncia, la Filharm\u00f2nica ha utilitzat els m\u00e9s heterogenis llocs del municipi per als dos escomesos principals de l&#8217;entitat, l&#8217;ensenyan\u00e7a i els assajos de la banda, que en nombroses ocasions han degut estar en llocs separats, i d&#8217;entre els que cal destacar el propi domicili del mestre P\u00e9rez en el carrer La Mar (1901-1910), l&#8217;edificaci\u00f3 en la platja d&#8217;Altea per a les activitats de m\u00fasica i teatre de la localitat (1910-1922), el nou domicili del mestre P\u00e9rez en la Costanera de la Morera (hui denominada &#8220;Costera del Mestre&#8221; en honor al mestre P\u00e9rez) (1922-1934), en el pis alt del forn de Teresa Llinares en el carrer La S\u00e9quia (1936-1945), depend\u00e8ncies de vell Ajuntament en la Pla\u00e7a del Convent (1945-1968), segona planta del nou Ajuntament en la Pla\u00e7a de la Pau (actualment pla\u00e7a Jos\u00e9 M\u00aa Planelles) (1968-1987), fins a les actuals instal\u00b7lacions en el carrer de la Filharm\u00f2nica (antigament denominat carrer Enginyer Mu\u00f1oz), les quals han patit diverses remodelacions, ampliacions i reformes, de les que es destaquen les de 1991 en la que s&#8217;inaugura el nou edifici destinat als assajos de les agrupacions, oficines, arxiu i sala de juntes; i les de 2011 en les que s&#8217;inaugura el nou edifici destinat a l&#8217;aulari de l&#8217;Escola de M\u00fasica i Dansa.<\/p>\r\n<p>&nbsp;<\/p>\r\n","protected":false},"excerpt":{"rendered":"<p>Una Escola amb molta hist\u00f2ria&#8230; Els or\u00edgens de l&#8217;Escola de M\u00fasica queden units als de la Societat Filharm\u00f2nica Alteanense que en 1889 realitza la seua primera actuaci\u00f3 p\u00fablica. Des dels inicis l&#8217;entitat ha impartit les ensenyances de solfeig i instrument a aquells educands que despr\u00e9s formarien part de la banda de m\u00fasica d&#8217;Altea. No obstant [&hellip;]<\/p>\n","protected":false},"author":1,"featured_media":0,"parent":0,"menu_order":0,"comment_status":"closed","ping_status":"closed","template":"","meta":{"footnotes":""},"_links":{"self":[{"href":"https:\/\/www.esmualtea.com\/va\/wp-json\/wp\/v2\/pages\/1193"}],"collection":[{"href":"https:\/\/www.esmualtea.com\/va\/wp-json\/wp\/v2\/pages"}],"about":[{"href":"https:\/\/www.esmualtea.com\/va\/wp-json\/wp\/v2\/types\/page"}],"author":[{"embeddable":true,"href":"https:\/\/www.esmualtea.com\/va\/wp-json\/wp\/v2\/users\/1"}],"replies":[{"embeddable":true,"href":"https:\/\/www.esmualtea.com\/va\/wp-json\/wp\/v2\/comments?post=1193"}],"version-history":[{"count":5,"href":"https:\/\/www.esmualtea.com\/va\/wp-json\/wp\/v2\/pages\/1193\/revisions"}],"predecessor-version":[{"id":3303,"href":"https:\/\/www.esmualtea.com\/va\/wp-json\/wp\/v2\/pages\/1193\/revisions\/3303"}],"wp:attachment":[{"href":"https:\/\/www.esmualtea.com\/va\/wp-json\/wp\/v2\/media?parent=1193"}],"curies":[{"name":"wp","href":"https:\/\/api.w.org\/{rel}","templated":true}]}}